{"id":1511,"date":"2026-03-26T07:45:34","date_gmt":"2026-03-26T07:45:34","guid":{"rendered":"https:\/\/kc.uniza.sk\/?page_id=1511"},"modified":"2026-03-29T16:48:34","modified_gmt":"2026-03-29T16:48:34","slug":"vystupy","status":"publish","type":"page","link":"https:\/\/kc.uniza.sk\/?page_id=1511","title":{"rendered":"V\u00fdstupy"},"content":{"rendered":"\t\t<div data-elementor-type=\"wp-page\" data-elementor-id=\"1511\" class=\"elementor elementor-1511\">\n\t\t\t\t\t\t<section class=\"elementor-section elementor-top-section elementor-element elementor-element-d4c4619 elementor-section-boxed elementor-section-height-default elementor-section-height-default sc_fly_static\" data-id=\"d4c4619\" data-element_type=\"section\">\n\t\t\t\t\t\t<div class=\"elementor-container elementor-column-gap-extended\">\n\t\t\t\t\t<div class=\"elementor-column elementor-col-100 elementor-top-column elementor-element elementor-element-9f703dc sc_content_align_inherit sc_layouts_column_icons_position_left sc_fly_static\" data-id=\"9f703dc\" data-element_type=\"column\">\n\t\t\t<div class=\"elementor-widget-wrap elementor-element-populated\">\n\t\t\t\t\t\t<div class=\"elementor-element elementor-element-3fde56e sc_height_small sc_fly_static elementor-widget elementor-widget-spacer\" data-id=\"3fde56e\" data-element_type=\"widget\" data-widget_type=\"spacer.default\">\n\t\t\t\t<div class=\"elementor-widget-container\">\n\t\t\t\t\t\t\t<div class=\"elementor-spacer\">\n\t\t\t<div class=\"elementor-spacer-inner\"><\/div>\n\t\t<\/div>\n\t\t\t\t\t\t<\/div>\n\t\t\t\t<\/div>\n\t\t\t\t\t<\/div>\n\t\t<\/div>\n\t\t\t\t\t<\/div>\n\t\t<\/section>\n\t\t\t\t<section class=\"elementor-section elementor-top-section elementor-element elementor-element-4f90244 elementor-section-boxed elementor-section-height-default elementor-section-height-default sc_fly_static\" data-id=\"4f90244\" data-element_type=\"section\">\n\t\t\t\t\t\t<div class=\"elementor-container elementor-column-gap-extended\">\n\t\t\t\t\t<div class=\"elementor-column elementor-col-50 elementor-top-column elementor-element elementor-element-6c7ef57 sc_content_align_inherit sc_layouts_column_icons_position_left sc_fly_static\" data-id=\"6c7ef57\" data-element_type=\"column\">\n\t\t\t<div class=\"elementor-widget-wrap elementor-element-populated\">\n\t\t\t\t\t\t<div class=\"elementor-element elementor-element-b015120 elementor-widget__width-initial sc_fly_static elementor-widget elementor-widget-trx_sc_title\" data-id=\"b015120\" data-element_type=\"widget\" data-widget_type=\"trx_sc_title.default\">\n\t\t\t\t<div class=\"elementor-widget-container\">\n\t\t\t\t\t<div\t\tclass=\"sc_title sc_title_default\" ><h1 class=\"sc_item_title sc_title_title sc_item_title_style_default sc_item_title_tag\"\n\t\t\t><span class=\"sc_item_title_text\">V\u00fdstupy<\/span><\/h1><\/div>\t\t\t\t<\/div>\n\t\t\t\t<\/div>\n\t\t\t\t\t<\/div>\n\t\t<\/div>\n\t\t\t\t<div class=\"elementor-column elementor-col-50 elementor-top-column elementor-element elementor-element-bcedf35 sc_content_align_inherit sc_layouts_column_icons_position_left sc_fly_static\" data-id=\"bcedf35\" data-element_type=\"column\">\n\t\t\t<div class=\"elementor-widget-wrap elementor-element-populated\">\n\t\t\t\t\t\t\t<\/div>\n\t\t<\/div>\n\t\t\t\t\t<\/div>\n\t\t<\/section>\n\t\t<div class=\"elementor-element elementor-element-2d6b2db e-flex e-con-boxed sc_layouts_column_icons_position_left e-con e-parent\" data-id=\"2d6b2db\" data-element_type=\"container\">\n\t\t\t\t\t<div class=\"e-con-inner\">\n\t\t\t\t<div class=\"elementor-element elementor-element-c5eceb4 sc_height_small sc_fly_static elementor-widget elementor-widget-spacer\" data-id=\"c5eceb4\" data-element_type=\"widget\" data-widget_type=\"spacer.default\">\n\t\t\t\t<div class=\"elementor-widget-container\">\n\t\t\t\t\t\t\t<div class=\"elementor-spacer\">\n\t\t\t<div class=\"elementor-spacer-inner\"><\/div>\n\t\t<\/div>\n\t\t\t\t\t\t<\/div>\n\t\t\t\t<\/div>\n\t\t\t\t<div class=\"elementor-element elementor-element-e4a173a sc_fly_static elementor-widget elementor-widget-trx_sc_icons\" data-id=\"e4a173a\" data-element_type=\"widget\" data-widget_type=\"trx_sc_icons.default\">\n\t\t\t\t<div class=\"elementor-widget-container\">\n\t\t\t\t\t<div \tclass=\"sc_icons sc_icons_motley sc_icons_size_medium sc_align_left\" ><div class=\"sc_icons_columns_wrap sc_item_columns trx_addons_columns_wrap columns_padding_bottom\" ><div class=\"trx_addons_column-1_2\"><div class=\"sc_icons_item sc_icons_item_linked with_more\"><div class=\"sc_icons_icon sc_icon_type_ icon-home-2\" ><span class=\"sc_icon_type_ icon-home-2\"><\/span><\/div><div class=\"sc_icons_item_details\"><h4 class=\"sc_icons_item_title\"><a href=\"https:\/\/kc.uniza.sk\/?page_id=1526\">\r\n                                    Zriadenie a\u202fvybudovanie kompeten\u010dn\u00e9ho centra kybernetickej bezpe\u010dnosti na UNIZA                                    <\/a><\/h4><a href=\"https:\/\/kc.uniza.sk\/?page_id=1526\" class=\"sc_icons_item_more_link\">\r\n                        <span class=\"link_text\">Viac<\/span><span class=\"link_icon\"><\/span>\r\n                        <\/a><a href=\"https:\/\/kc.uniza.sk\/?page_id=1526\"\r\n                        class=\"sc_icons_item_link\">\r\n                        <\/a><\/div><\/div><\/div><div class=\"trx_addons_column-1_2\"><div class=\"sc_icons_item sc_icons_item_linked with_more\"><div class=\"sc_icons_icon sc_icon_type_ icon-courses\" ><span class=\"sc_icon_type_ icon-courses\"><\/span><\/div><div class=\"sc_icons_item_details\"><h4 class=\"sc_icons_item_title\"><a href=\"https:\/\/kc.uniza.sk\/?page_id=1543\">\r\n                                    Zrealizovan\u00e9 \u0161kolenia kybernetickej bezpe\u010dnosti vo verejnej spr\u00e1ve                                    <\/a><\/h4><a href=\"https:\/\/kc.uniza.sk\/?page_id=1543\" class=\"sc_icons_item_more_link\">\r\n                        <span class=\"link_text\">Viac<\/span><span class=\"link_icon\"><\/span>\r\n                        <\/a><a href=\"https:\/\/kc.uniza.sk\/?page_id=1543\"\r\n                        class=\"sc_icons_item_link\">\r\n                        <\/a><\/div><\/div><\/div><div class=\"trx_addons_column-1_2\"><div class=\"sc_icons_item sc_icons_item_linked with_more\"><div class=\"sc_icons_icon sc_icon_type_ icon-book-open\" ><span class=\"sc_icon_type_ icon-book-open\"><\/span><\/div><div class=\"sc_icons_item_details\"><h4 class=\"sc_icons_item_title\"><a href=\"https:\/\/kc.uniza.sk\/?page_id=1827\">\r\n                                    Vytvoren\u00e9 materi\u00e1ly na \u0161kolenia kybernetickej bezpe\u010dnosti vo verejnej spr\u00e1ve                                    <\/a><\/h4><a href=\"https:\/\/kc.uniza.sk\/?page_id=1827\" class=\"sc_icons_item_more_link\">\r\n                        <span class=\"link_text\">Viac<\/span><span class=\"link_icon\"><\/span>\r\n                        <\/a><a href=\"https:\/\/kc.uniza.sk\/?page_id=1827\"\r\n                        class=\"sc_icons_item_link\">\r\n                        <\/a><\/div><\/div><\/div><div class=\"trx_addons_column-1_2\"><div class=\"sc_icons_item sc_icons_item_linked with_more\"><div class=\"sc_icons_icon sc_icon_type_ icon-wrench\" ><span class=\"sc_icon_type_ icon-wrench\"><\/span><\/div><div class=\"sc_icons_item_details\"><h4 class=\"sc_icons_item_title\"><a href=\"https:\/\/kc.uniza.sk\/?page_id=1558\">\r\n                                    Aktualiz\u00e1cia \u0161tudijn\u00fdch programov a\u202fodborn\u00fdch predmetov v\u202ft\u00e9me KIB na UNIZA                                    <\/a><\/h4><a href=\"https:\/\/kc.uniza.sk\/?page_id=1558\" class=\"sc_icons_item_more_link\">\r\n                        <span class=\"link_text\">Viac<\/span><span class=\"link_icon\"><\/span>\r\n                        <\/a><a href=\"https:\/\/kc.uniza.sk\/?page_id=1558\"\r\n                        class=\"sc_icons_item_link\">\r\n                        <\/a><\/div><\/div><\/div><div class=\"trx_addons_column-1_2\"><div class=\"sc_icons_item sc_icons_item_linked with_more\"><div class=\"sc_icons_icon sc_icon_type_ icon-book\" ><span class=\"sc_icon_type_ icon-book\"><\/span><\/div><div class=\"sc_icons_item_details\"><h4 class=\"sc_icons_item_title\"><a href=\"https:\/\/kc.uniza.sk\/?page_id=1557\">\r\n                                    Metodick\u00e9 materi\u00e1ly pre verejn\u00fa spr\u00e1vu a\u202fexpertn\u00e1 \u010dinnos\u0165                                    <\/a><\/h4><a href=\"https:\/\/kc.uniza.sk\/?page_id=1557\" class=\"sc_icons_item_more_link\">\r\n                        <span class=\"link_text\">Viac<\/span><span class=\"link_icon\"><\/span>\r\n                        <\/a><a href=\"https:\/\/kc.uniza.sk\/?page_id=1557\"\r\n                        class=\"sc_icons_item_link\">\r\n                        <\/a><\/div><\/div><\/div><div class=\"trx_addons_column-1_2\"><div class=\"sc_icons_item sc_icons_item_linked with_more\"><div class=\"sc_icons_icon sc_icon_type_ icon-users-group\" ><span class=\"sc_icon_type_ icon-users-group\"><\/span><\/div><div class=\"sc_icons_item_details\"><h4 class=\"sc_icons_item_title\"><a href=\"https:\/\/kc.uniza.sk\/?page_id=1561\">\r\n                                    Aktivity z\u202foblasti KIB pre stredn\u00e9 \u0161koly                                    <\/a><\/h4><a href=\"https:\/\/kc.uniza.sk\/?page_id=1561\" class=\"sc_icons_item_more_link\">\r\n                        <span class=\"link_text\">Viac<\/span><span class=\"link_icon\"><\/span>\r\n                        <\/a><a href=\"https:\/\/kc.uniza.sk\/?page_id=1561\"\r\n                        class=\"sc_icons_item_link\">\r\n                        <\/a><\/div><\/div><\/div><div class=\"trx_addons_column-1_2\"><div class=\"sc_icons_item sc_icons_item_linked with_more\"><div class=\"sc_icons_icon sc_icon_type_ icon-upload\" ><span class=\"sc_icon_type_ icon-upload\"><\/span><\/div><div class=\"sc_icons_item_details\"><h4 class=\"sc_icons_item_title\"><a href=\"https:\/\/kc.uniza.sk\/?page_id=1563\">\r\n                                    Webin\u00e1re pre verejnos\u0165                                     <\/a><\/h4><a href=\"https:\/\/kc.uniza.sk\/?page_id=1563\" class=\"sc_icons_item_more_link\">\r\n                        <span class=\"link_text\">Viac<\/span><span class=\"link_icon\"><\/span>\r\n                        <\/a><a href=\"https:\/\/kc.uniza.sk\/?page_id=1563\"\r\n                        class=\"sc_icons_item_link\">\r\n                        <\/a><\/div><\/div><\/div><div class=\"trx_addons_column-1_2\"><div class=\"sc_icons_item sc_icons_item_linked with_more\"><div class=\"sc_icons_icon sc_icon_type_ icon-connectdevelop\" ><span class=\"sc_icon_type_ icon-connectdevelop\"><\/span><\/div><div class=\"sc_icons_item_details\"><h4 class=\"sc_icons_item_title\"><a href=\"https:\/\/kc.uniza.sk\/?page_id=1565\">\r\n                                    V\u00fdskumn\u00e1 \u010dinnos\u0165                                    <\/a><\/h4><a href=\"https:\/\/kc.uniza.sk\/?page_id=1565\" class=\"sc_icons_item_more_link\">\r\n                        <span class=\"link_text\">Viac<\/span><span class=\"link_icon\"><\/span>\r\n                        <\/a><a href=\"https:\/\/kc.uniza.sk\/?page_id=1565\"\r\n                        class=\"sc_icons_item_link\">\r\n                        <\/a><\/div><\/div><\/div><div class=\"trx_addons_column-1_2\"><div class=\"sc_icons_item sc_icons_item_linked with_more\"><div class=\"sc_icons_icon sc_icon_type_ icon-brush\" ><span class=\"sc_icon_type_ icon-brush\"><\/span><\/div><div class=\"sc_icons_item_details\"><h4 class=\"sc_icons_item_title\"><a href=\"https:\/\/kc.uniza.sk\/?page_id=1567\">\r\n                                    Memorand\u00e1 o spolupr\u00e1ci                                    <\/a><\/h4><a href=\"https:\/\/kc.uniza.sk\/?page_id=1567\" class=\"sc_icons_item_more_link\">\r\n                        <span class=\"link_text\">Viac<\/span><span class=\"link_icon\"><\/span>\r\n                        <\/a><a href=\"https:\/\/kc.uniza.sk\/?page_id=1567\"\r\n                        class=\"sc_icons_item_link\">\r\n                        <\/a><\/div><\/div><\/div><div class=\"trx_addons_column-1_2\"><div class=\"sc_icons_item sc_icons_item_linked with_more\"><div class=\"sc_icons_icon sc_icon_type_ trx_addons_icon-gauge-2\" ><span class=\"sc_icon_type_ trx_addons_icon-gauge-2\"><\/span><\/div><div class=\"sc_icons_item_details\"><h4 class=\"sc_icons_item_title\"><a href=\"https:\/\/kc.uniza.sk\/?page_id=1569\">\r\n                                    Odborn\u00e9 poradenstvo                                    <\/a><\/h4><a href=\"https:\/\/kc.uniza.sk\/?page_id=1569\" class=\"sc_icons_item_more_link\">\r\n                        <span class=\"link_text\">Viac<\/span><span class=\"link_icon\"><\/span>\r\n                        <\/a><a href=\"https:\/\/kc.uniza.sk\/?page_id=1569\"\r\n                        class=\"sc_icons_item_link\">\r\n                        <\/a><\/div><\/div><\/div><div class=\"trx_addons_column-1_2\"><div class=\"sc_icons_item sc_icons_item_linked with_more\"><div class=\"sc_icons_icon sc_icon_type_ icon-certificates\" ><span class=\"sc_icon_type_ icon-certificates\"><\/span><\/div><div class=\"sc_icons_item_details\"><h4 class=\"sc_icons_item_title\"><a href=\"https:\/\/kc.uniza.sk\/?page_id=1571\">\r\n                                    Zvy\u0161ovanie odbornosti person\u00e1lnych kapac\u00edt a certifik\u00e1cia lektorov                                    <\/a><\/h4><a href=\"https:\/\/kc.uniza.sk\/?page_id=1571\" class=\"sc_icons_item_more_link\">\r\n                        <span class=\"link_text\">Viac<\/span><span class=\"link_icon\"><\/span>\r\n                        <\/a><a href=\"https:\/\/kc.uniza.sk\/?page_id=1571\"\r\n                        class=\"sc_icons_item_link\">\r\n                        <\/a><\/div><\/div><\/div><\/div><\/div><!-- \/.sc_icons -->\t\t\t\t<\/div>\n\t\t\t\t<\/div>\n\t\t\t\t\t<\/div>\n\t\t\t\t<\/div>\n\t\t<div class=\"elementor-element elementor-element-f1fad03 e-flex e-con-boxed sc_layouts_column_icons_position_left e-con e-parent\" data-id=\"f1fad03\" data-element_type=\"container\">\n\t\t\t\t\t<div class=\"e-con-inner\">\n\t\t\t\t<div class=\"elementor-element elementor-element-dc856a0 sc_fly_static elementor-widget elementor-widget-spacer\" data-id=\"dc856a0\" data-element_type=\"widget\" data-widget_type=\"spacer.default\">\n\t\t\t\t<div class=\"elementor-widget-container\">\n\t\t\t\t\t\t\t<div class=\"elementor-spacer\">\n\t\t\t<div class=\"elementor-spacer-inner\"><\/div>\n\t\t<\/div>\n\t\t\t\t\t\t<\/div>\n\t\t\t\t<\/div>\n\t\t\t\t\t<\/div>\n\t\t\t\t<\/div>\n\t\t<div class=\"e-con-gap-no elementor-element elementor-element-c1729a8 e-flex e-con-boxed sc_layouts_column_icons_position_left sc_gradient_animation_none e-con e-parent\" data-id=\"c1729a8\" data-element_type=\"container\" data-settings=\"{&quot;background_background&quot;:&quot;gradient&quot;}\">\n\t\t\t\t\t<div class=\"e-con-inner\">\n\t\t<div class=\"elementor-element elementor-element-a5b1182 e-con-full e-flex sc_layouts_column_icons_position_left e-con e-child\" data-id=\"a5b1182\" data-element_type=\"container\">\n\t\t<div class=\"elementor-element elementor-element-3e64f34 e-con-full e-flex sc_layouts_column_icons_position_left e-con e-child\" data-id=\"3e64f34\" data-element_type=\"container\">\n\t\t\t\t<div class=\"elementor-element elementor-element-2547d17 sc_fly_static elementor-widget elementor-widget-heading\" data-id=\"2547d17\" data-element_type=\"widget\" data-widget_type=\"heading.default\">\n\t\t\t\t<div class=\"elementor-widget-container\">\n\t\t\t\t\t<h2 class=\"elementor-heading-title elementor-size-default\">M\u00e1te z\u00e1ujem o na\u0161e slu\u017eby?<\/h2>\t\t\t\t<\/div>\n\t\t\t\t<\/div>\n\t\t\t\t<\/div>\n\t\t<div class=\"elementor-element elementor-element-d455839 e-con-full e-flex sc_layouts_column_icons_position_left e-con e-child\" data-id=\"d455839\" data-element_type=\"container\">\n\t\t\t\t<div class=\"elementor-element elementor-element-fbe2961 scheme_dark sc_fly_static elementor-widget elementor-widget-trx_sc_button\" data-id=\"fbe2961\" data-element_type=\"widget\" data-widget_type=\"trx_sc_button.default\">\n\t\t\t\t<div class=\"elementor-widget-container\">\n\t\t\t\t\t<div\tclass=\"sc_item_button sc_button_wrap\" ><a href=\"https:\/\/kc.uniza.sk\/?page_id=300&#038;lang=sk\" class=\"sc_button sc_button_hover sc_button_size_normal sc_button_icon_left color_style_dark\" ><span class=\"sc_button_text\"><span class=\"sc_button_title\">Kontaktujte n\u00e1s!<\/span><\/span><\/a><\/div>\t\t\t\t<\/div>\n\t\t\t\t<\/div>\n\t\t\t\t<\/div>\n\t\t\t\t<\/div>\n\t\t\t\t\t<\/div>\n\t\t\t\t<\/div>\n\t\t\t\t<\/div>\n\t\t","protected":false},"excerpt":{"rendered":"<p>V\u00fdstupy Zriadenie a\u202fvybudovanie kompeten\u010dn\u00e9ho centra kybernetickej bezpe\u010dnosti na UNIZA Viac Zrealizovan\u00e9 \u0161kolenia kybernetickej bezpe\u010dnosti vo verejnej spr\u00e1ve Viac Vytvoren\u00e9 materi\u00e1ly na \u0161kolenia kybernetickej bezpe\u010dnosti vo verejnej spr\u00e1ve Viac Aktualiz\u00e1cia \u0161tudijn\u00fdch&hellip;<\/p>\n","protected":false},"author":1,"featured_media":0,"parent":0,"menu_order":0,"comment_status":"closed","ping_status":"closed","template":"elementor_header_footer","meta":{"footnotes":""},"class_list":["post-1511","page","type-page","status-publish","hentry"],"yoast_head":"<!-- This site is optimized with the Yoast SEO plugin v25.1 - https:\/\/yoast.com\/wordpress\/plugins\/seo\/ -->\n<title>V\u00fdstupy - Kompeten\u010dn\u00e9 centrum kybernetickej bezpe\u010dnosti UNIZA<\/title>\n<meta name=\"robots\" content=\"index, follow, max-snippet:-1, max-image-preview:large, max-video-preview:-1\" \/>\n<link rel=\"canonical\" href=\"https:\/\/kc.uniza.sk\/?page_id=1511\" \/>\n<meta property=\"og:locale\" content=\"sk_SK\" \/>\n<meta property=\"og:type\" content=\"article\" \/>\n<meta property=\"og:title\" content=\"V\u00fdstupy - Kompeten\u010dn\u00e9 centrum kybernetickej bezpe\u010dnosti UNIZA\" \/>\n<meta property=\"og:description\" content=\"V\u00fdstupy Zriadenie a\u202fvybudovanie kompeten\u010dn\u00e9ho centra kybernetickej bezpe\u010dnosti na UNIZA Viac Zrealizovan\u00e9 \u0161kolenia kybernetickej bezpe\u010dnosti vo verejnej spr\u00e1ve Viac Vytvoren\u00e9 materi\u00e1ly na \u0161kolenia kybernetickej bezpe\u010dnosti vo verejnej spr\u00e1ve Viac Aktualiz\u00e1cia \u0161tudijn\u00fdch&hellip;\" \/>\n<meta property=\"og:url\" content=\"https:\/\/kc.uniza.sk\/?page_id=1511\" \/>\n<meta property=\"og:site_name\" content=\"Kompeten\u010dn\u00e9 centrum kybernetickej bezpe\u010dnosti UNIZA\" \/>\n<meta property=\"article:modified_time\" content=\"2026-03-29T16:48:34+00:00\" \/>\n<meta name=\"twitter:card\" content=\"summary_large_image\" \/>\n<meta name=\"twitter:label1\" content=\"Predpokladan\u00fd \u010das \u010d\u00edtania\" \/>\n\t<meta name=\"twitter:data1\" content=\"1 min\u00fata\" \/>\n<script type=\"application\/ld+json\" class=\"yoast-schema-graph\">{\"@context\":\"https:\/\/schema.org\",\"@graph\":[{\"@type\":\"WebPage\",\"@id\":\"https:\/\/kc.uniza.sk\/?page_id=1511\",\"url\":\"https:\/\/kc.uniza.sk\/?page_id=1511\",\"name\":\"V\u00fdstupy - Kompeten\u010dn\u00e9 centrum kybernetickej bezpe\u010dnosti UNIZA\",\"isPartOf\":{\"@id\":\"https:\/\/kc.uniza.sk\/#website\"},\"datePublished\":\"2026-03-26T07:45:34+00:00\",\"dateModified\":\"2026-03-29T16:48:34+00:00\",\"breadcrumb\":{\"@id\":\"https:\/\/kc.uniza.sk\/?page_id=1511#breadcrumb\"},\"inLanguage\":\"sk-SK\",\"potentialAction\":[{\"@type\":\"ReadAction\",\"target\":[\"https:\/\/kc.uniza.sk\/?page_id=1511\"]}]},{\"@type\":\"BreadcrumbList\",\"@id\":\"https:\/\/kc.uniza.sk\/?page_id=1511#breadcrumb\",\"itemListElement\":[{\"@type\":\"ListItem\",\"position\":1,\"name\":\"Domovsk\u00e1 str\u00e1nka\",\"item\":\"https:\/\/kc.uniza.sk\/\"},{\"@type\":\"ListItem\",\"position\":2,\"name\":\"V\u00fdstupy\"}]},{\"@type\":\"WebSite\",\"@id\":\"https:\/\/kc.uniza.sk\/#website\",\"url\":\"https:\/\/kc.uniza.sk\/\",\"name\":\"Kompeten\u010dn\u00e9 centrum kybernetickej bezpe\u010dnosti UNIZA\",\"description\":\"\",\"publisher\":{\"@id\":\"https:\/\/kc.uniza.sk\/#organization\"},\"potentialAction\":[{\"@type\":\"SearchAction\",\"target\":{\"@type\":\"EntryPoint\",\"urlTemplate\":\"https:\/\/kc.uniza.sk\/?s={search_term_string}\"},\"query-input\":{\"@type\":\"PropertyValueSpecification\",\"valueRequired\":true,\"valueName\":\"search_term_string\"}}],\"inLanguage\":\"sk-SK\"},{\"@type\":\"Organization\",\"@id\":\"https:\/\/kc.uniza.sk\/#organization\",\"name\":\"Kompeten\u010dn\u00e9 centrum kybernetickej bezpe\u010dnosti UNIZA\",\"url\":\"https:\/\/kc.uniza.sk\/\",\"logo\":{\"@type\":\"ImageObject\",\"inLanguage\":\"sk-SK\",\"@id\":\"https:\/\/kc.uniza.sk\/#\/schema\/logo\/image\/\",\"url\":\"https:\/\/kc.uniza.sk\/wp-content\/uploads\/2025\/03\/cropped-2-1-e1741152780415.png\",\"contentUrl\":\"https:\/\/kc.uniza.sk\/wp-content\/uploads\/2025\/03\/cropped-2-1-e1741152780415.png\",\"width\":402,\"height\":97,\"caption\":\"Kompeten\u010dn\u00e9 centrum kybernetickej bezpe\u010dnosti UNIZA\"},\"image\":{\"@id\":\"https:\/\/kc.uniza.sk\/#\/schema\/logo\/image\/\"}}]}<\/script>\n<!-- \/ Yoast SEO plugin. -->","yoast_head_json":{"title":"V\u00fdstupy - Kompeten\u010dn\u00e9 centrum kybernetickej bezpe\u010dnosti UNIZA","robots":{"index":"index","follow":"follow","max-snippet":"max-snippet:-1","max-image-preview":"max-image-preview:large","max-video-preview":"max-video-preview:-1"},"canonical":"https:\/\/kc.uniza.sk\/?page_id=1511","og_locale":"sk_SK","og_type":"article","og_title":"V\u00fdstupy - Kompeten\u010dn\u00e9 centrum kybernetickej bezpe\u010dnosti UNIZA","og_description":"V\u00fdstupy Zriadenie a\u202fvybudovanie kompeten\u010dn\u00e9ho centra kybernetickej bezpe\u010dnosti na UNIZA Viac Zrealizovan\u00e9 \u0161kolenia kybernetickej bezpe\u010dnosti vo verejnej spr\u00e1ve Viac Vytvoren\u00e9 materi\u00e1ly na \u0161kolenia kybernetickej bezpe\u010dnosti vo verejnej spr\u00e1ve Viac Aktualiz\u00e1cia \u0161tudijn\u00fdch&hellip;","og_url":"https:\/\/kc.uniza.sk\/?page_id=1511","og_site_name":"Kompeten\u010dn\u00e9 centrum kybernetickej bezpe\u010dnosti UNIZA","article_modified_time":"2026-03-29T16:48:34+00:00","twitter_card":"summary_large_image","twitter_misc":{"Predpokladan\u00fd \u010das \u010d\u00edtania":"1 min\u00fata"},"schema":{"@context":"https:\/\/schema.org","@graph":[{"@type":"WebPage","@id":"https:\/\/kc.uniza.sk\/?page_id=1511","url":"https:\/\/kc.uniza.sk\/?page_id=1511","name":"V\u00fdstupy - Kompeten\u010dn\u00e9 centrum kybernetickej bezpe\u010dnosti UNIZA","isPartOf":{"@id":"https:\/\/kc.uniza.sk\/#website"},"datePublished":"2026-03-26T07:45:34+00:00","dateModified":"2026-03-29T16:48:34+00:00","breadcrumb":{"@id":"https:\/\/kc.uniza.sk\/?page_id=1511#breadcrumb"},"inLanguage":"sk-SK","potentialAction":[{"@type":"ReadAction","target":["https:\/\/kc.uniza.sk\/?page_id=1511"]}]},{"@type":"BreadcrumbList","@id":"https:\/\/kc.uniza.sk\/?page_id=1511#breadcrumb","itemListElement":[{"@type":"ListItem","position":1,"name":"Domovsk\u00e1 str\u00e1nka","item":"https:\/\/kc.uniza.sk\/"},{"@type":"ListItem","position":2,"name":"V\u00fdstupy"}]},{"@type":"WebSite","@id":"https:\/\/kc.uniza.sk\/#website","url":"https:\/\/kc.uniza.sk\/","name":"Kompeten\u010dn\u00e9 centrum kybernetickej bezpe\u010dnosti UNIZA","description":"","publisher":{"@id":"https:\/\/kc.uniza.sk\/#organization"},"potentialAction":[{"@type":"SearchAction","target":{"@type":"EntryPoint","urlTemplate":"https:\/\/kc.uniza.sk\/?s={search_term_string}"},"query-input":{"@type":"PropertyValueSpecification","valueRequired":true,"valueName":"search_term_string"}}],"inLanguage":"sk-SK"},{"@type":"Organization","@id":"https:\/\/kc.uniza.sk\/#organization","name":"Kompeten\u010dn\u00e9 centrum kybernetickej bezpe\u010dnosti UNIZA","url":"https:\/\/kc.uniza.sk\/","logo":{"@type":"ImageObject","inLanguage":"sk-SK","@id":"https:\/\/kc.uniza.sk\/#\/schema\/logo\/image\/","url":"https:\/\/kc.uniza.sk\/wp-content\/uploads\/2025\/03\/cropped-2-1-e1741152780415.png","contentUrl":"https:\/\/kc.uniza.sk\/wp-content\/uploads\/2025\/03\/cropped-2-1-e1741152780415.png","width":402,"height":97,"caption":"Kompeten\u010dn\u00e9 centrum kybernetickej bezpe\u010dnosti UNIZA"},"image":{"@id":"https:\/\/kc.uniza.sk\/#\/schema\/logo\/image\/"}}]}},"_links":{"self":[{"href":"https:\/\/kc.uniza.sk\/index.php?rest_route=\/wp\/v2\/pages\/1511","targetHints":{"allow":["GET"]}}],"collection":[{"href":"https:\/\/kc.uniza.sk\/index.php?rest_route=\/wp\/v2\/pages"}],"about":[{"href":"https:\/\/kc.uniza.sk\/index.php?rest_route=\/wp\/v2\/types\/page"}],"author":[{"embeddable":true,"href":"https:\/\/kc.uniza.sk\/index.php?rest_route=\/wp\/v2\/users\/1"}],"replies":[{"embeddable":true,"href":"https:\/\/kc.uniza.sk\/index.php?rest_route=%2Fwp%2Fv2%2Fcomments&post=1511"}],"version-history":[{"count":54,"href":"https:\/\/kc.uniza.sk\/index.php?rest_route=\/wp\/v2\/pages\/1511\/revisions"}],"predecessor-version":[{"id":2155,"href":"https:\/\/kc.uniza.sk\/index.php?rest_route=\/wp\/v2\/pages\/1511\/revisions\/2155"}],"wp:attachment":[{"href":"https:\/\/kc.uniza.sk\/index.php?rest_route=%2Fwp%2Fv2%2Fmedia&parent=1511"}],"curies":[{"name":"wp","href":"https:\/\/api.w.org\/{rel}","templated":true}]}}