{"id":1563,"date":"2026-03-26T10:04:31","date_gmt":"2026-03-26T10:04:31","guid":{"rendered":"https:\/\/kc.uniza.sk\/?page_id=1563"},"modified":"2026-03-29T16:28:56","modified_gmt":"2026-03-29T16:28:56","slug":"webinare-pre-verejnost","status":"publish","type":"page","link":"https:\/\/kc.uniza.sk\/?page_id=1563","title":{"rendered":"Webin\u00e1re pre verejnos\u0165"},"content":{"rendered":"\t\t<div data-elementor-type=\"wp-page\" data-elementor-id=\"1563\" class=\"elementor elementor-1563\">\n\t\t\t\t\t\t<section class=\"elementor-section elementor-top-section elementor-element elementor-element-a9da772 elementor-section-boxed elementor-section-height-default elementor-section-height-default sc_fly_static\" data-id=\"a9da772\" data-element_type=\"section\">\n\t\t\t\t\t\t<div class=\"elementor-container elementor-column-gap-extended\">\n\t\t\t\t\t<div class=\"elementor-column elementor-col-100 elementor-top-column elementor-element elementor-element-1b55759 sc_content_align_inherit sc_layouts_column_icons_position_left sc_fly_static\" data-id=\"1b55759\" data-element_type=\"column\">\n\t\t\t<div class=\"elementor-widget-wrap elementor-element-populated\">\n\t\t\t\t\t\t<div class=\"elementor-element elementor-element-8bcb77c sc_height_small sc_fly_static elementor-widget elementor-widget-spacer\" data-id=\"8bcb77c\" data-element_type=\"widget\" data-widget_type=\"spacer.default\">\n\t\t\t\t<div class=\"elementor-widget-container\">\n\t\t\t\t\t\t\t<div class=\"elementor-spacer\">\n\t\t\t<div class=\"elementor-spacer-inner\"><\/div>\n\t\t<\/div>\n\t\t\t\t\t\t<\/div>\n\t\t\t\t<\/div>\n\t\t\t\t\t<\/div>\n\t\t<\/div>\n\t\t\t\t\t<\/div>\n\t\t<\/section>\n\t\t\t\t<section class=\"elementor-section elementor-top-section elementor-element elementor-element-6386df51 elementor-section-content-middle elementor-section-boxed elementor-section-height-default elementor-section-height-default sc_fly_static\" data-id=\"6386df51\" data-element_type=\"section\">\n\t\t\t\t\t\t<div class=\"elementor-container elementor-column-gap-extended\">\n\t\t\t\t\t<div class=\"elementor-column elementor-col-100 elementor-top-column elementor-element elementor-element-12d5d9cf sc_content_align_inherit sc_layouts_column_icons_position_left sc_fly_static\" data-id=\"12d5d9cf\" data-element_type=\"column\">\n\t\t\t<div class=\"elementor-widget-wrap elementor-element-populated\">\n\t\t\t\t\t\t<div class=\"elementor-element elementor-element-373750c5 sc_fly_static elementor-widget elementor-widget-trx_sc_title\" data-id=\"373750c5\" data-element_type=\"widget\" data-widget_type=\"trx_sc_title.default\">\n\t\t\t\t<div class=\"elementor-widget-container\">\n\t\t\t\t\t<div\t\tclass=\"sc_title sc_title_default\" ><h2 class=\"sc_item_title sc_title_title sc_item_title_style_default sc_item_title_tag\"\n\t\t\t><span class=\"sc_item_title_text\">Webin\u00e1re pre verejnos\u0165<\/span><\/h2><\/div>\t\t\t\t<\/div>\n\t\t\t\t<\/div>\n\t\t\t\t<div class=\"elementor-element elementor-element-65e2946 sc_height_small sc_fly_static elementor-widget elementor-widget-spacer\" data-id=\"65e2946\" data-element_type=\"widget\" data-widget_type=\"spacer.default\">\n\t\t\t\t<div class=\"elementor-widget-container\">\n\t\t\t\t\t\t\t<div class=\"elementor-spacer\">\n\t\t\t<div class=\"elementor-spacer-inner\"><\/div>\n\t\t<\/div>\n\t\t\t\t\t\t<\/div>\n\t\t\t\t<\/div>\n\t\t\t\t<div class=\"elementor-element elementor-element-10be80b sc_fly_static elementor-widget elementor-widget-text-editor\" data-id=\"10be80b\" data-element_type=\"widget\" data-widget_type=\"text-editor.default\">\n\t\t\t\t<div class=\"elementor-widget-container\">\n\t\t\t\t\t\t\t\t\t<p>Po\u010das rie\u0161enia projektu boli zrealizovan\u00e9 dva osvetov\u00e9 online webin\u00e1re o potrebe kybernetickej bezpe\u010dnosti zameran\u00e9 na ochranu pred podvodmi a\u00a0bezpe\u010dnos\u0165 na internete. Z\u00e1znam zo zrealizovan\u00fdch\u00a0webin\u00e1rov mo\u017eno n\u00e1js\u0165 tu:<\/p><h5>Bezpe\u010dnos\u0165 na internete<\/h5><p>Kybernetick\u00e9 hrozby sa st\u00e1vaj\u00fa \u010doraz sofistikovanej\u0161\u00edmi a t\u00fdkaj\u00fa sa ka\u017ed\u00e9ho pou\u017e\u00edvate\u013ea internetu. Preto je d\u00f4le\u017eit\u00e9 dozvedie\u0165 sa praktick\u00e9 poh\u013eady a odpor\u00fa\u010dania, ako sa chr\u00e1ni\u0165 pred online podvodmi a soci\u00e1lnym in\u017einierstvom. Webin\u00e1r je ur\u010den\u00fd <strong>\u0161irokej verejnosti, \u0161tudentom aj odborn\u00edkom<\/strong>, ktor\u00ed chc\u00fa z\u00edska\u0165 preh\u013ead o aktu\u00e1lnych hrozb\u00e1ch a nau\u010di\u0165 sa praktick\u00e9 postupy, ako im predch\u00e1dza\u0165.<\/p><p>Video z\u00e1znam z webin\u00e1ru: <a href=\"https:\/\/kc.uniza.sk\/?p=1188\">link<\/a><\/p><h5>Ochrana pred podvodmi<\/h5><p>Hoci s\u00fa podvody star\u00e9 ako \u013eudstvo samo, v digit\u00e1lnej \u00e9re nadob\u00fadaj\u00fa nov\u00e9 a \u010dasto nebezpe\u010dnej\u0161ie podoby. <strong>Seniori<\/strong> s\u00fa v tomto smere vn\u00edman\u00ed ako\u00a0<strong>obzvl\u00e1\u0161\u0165 chr\u00e1nen\u00e9 osoby<\/strong>, a preto je d\u00f4le\u017eit\u00e9 vedie\u0165, ako sa efekt\u00edvne br\u00e1ni\u0165.<\/p><p>Video z\u00e1znam z webin\u00e1ru: <a href=\"https:\/\/kc.uniza.sk\/?p=1497\">link<\/a><\/p><p>Propoz\u00edcia: <a href=\"https:\/\/kc.uniza.sk\/?p=1459\">link<\/a><\/p>\t\t\t\t\t\t\t\t<\/div>\n\t\t\t\t<\/div>\n\t\t\t\t<div class=\"elementor-element elementor-element-f6059c4 sc_height_large sc_fly_static elementor-widget elementor-widget-spacer\" data-id=\"f6059c4\" data-element_type=\"widget\" data-widget_type=\"spacer.default\">\n\t\t\t\t<div class=\"elementor-widget-container\">\n\t\t\t\t\t\t\t<div class=\"elementor-spacer\">\n\t\t\t<div class=\"elementor-spacer-inner\"><\/div>\n\t\t<\/div>\n\t\t\t\t\t\t<\/div>\n\t\t\t\t<\/div>\n\t\t\t\t\t<\/div>\n\t\t<\/div>\n\t\t\t\t\t<\/div>\n\t\t<\/section>\n\t\t<div class=\"elementor-element elementor-element-01e2559 e-grid e-con-boxed sc_layouts_column_icons_position_left e-con e-parent\" data-id=\"01e2559\" data-element_type=\"container\">\n\t\t\t\t\t<div class=\"e-con-inner\">\n\t\t\t\t<div class=\"elementor-element elementor-element-9f4d7e8 sc_fly_static elementor-widget elementor-widget-image\" data-id=\"9f4d7e8\" data-element_type=\"widget\" data-widget_type=\"image.default\">\n\t\t\t\t<div class=\"elementor-widget-container\">\n\t\t\t\t\t\t\t\t\t\t\t\t\t\t\t<img fetchpriority=\"high\" decoding=\"async\" width=\"725\" height=\"1024\" src=\"https:\/\/kc.uniza.sk\/wp-content\/uploads\/2026\/01\/ochrana_pred_podvodmi_plagat-725x1024.jpg\" class=\"attachment-large size-large wp-image-1461\" alt=\"\" srcset=\"https:\/\/kc.uniza.sk\/wp-content\/uploads\/2026\/01\/ochrana_pred_podvodmi_plagat-725x1024.jpg 725w, https:\/\/kc.uniza.sk\/wp-content\/uploads\/2026\/01\/ochrana_pred_podvodmi_plagat-212x300.jpg 212w, https:\/\/kc.uniza.sk\/wp-content\/uploads\/2026\/01\/ochrana_pred_podvodmi_plagat-768x1085.jpg 768w, https:\/\/kc.uniza.sk\/wp-content\/uploads\/2026\/01\/ochrana_pred_podvodmi_plagat-1087x1536.jpg 1087w, https:\/\/kc.uniza.sk\/wp-content\/uploads\/2026\/01\/ochrana_pred_podvodmi_plagat-1449x2048.jpg 1449w, https:\/\/kc.uniza.sk\/wp-content\/uploads\/2026\/01\/ochrana_pred_podvodmi_plagat-370x523.jpg 370w, https:\/\/kc.uniza.sk\/wp-content\/uploads\/2026\/01\/ochrana_pred_podvodmi_plagat-840x1187.jpg 840w, https:\/\/kc.uniza.sk\/wp-content\/uploads\/2026\/01\/ochrana_pred_podvodmi_plagat-410x579.jpg 410w, https:\/\/kc.uniza.sk\/wp-content\/uploads\/2026\/01\/ochrana_pred_podvodmi_plagat-600x848.jpg 600w, https:\/\/kc.uniza.sk\/wp-content\/uploads\/2026\/01\/ochrana_pred_podvodmi_plagat-scaled.jpg 1811w\" sizes=\"(max-width: 725px) 100vw, 725px\" \/>\t\t\t\t\t\t\t\t\t\t\t\t\t\t\t<\/div>\n\t\t\t\t<\/div>\n\t\t\t\t<div class=\"elementor-element elementor-element-94e2a01 sc_fly_static elementor-widget elementor-widget-image\" data-id=\"94e2a01\" data-element_type=\"widget\" data-widget_type=\"image.default\">\n\t\t\t\t<div class=\"elementor-widget-container\">\n\t\t\t\t\t\t\t\t\t\t\t\t\t\t\t<img decoding=\"async\" width=\"566\" height=\"800\" src=\"https:\/\/kc.uniza.sk\/wp-content\/uploads\/2025\/09\/1758003316958.jpg\" class=\"attachment-large size-large wp-image-1189\" alt=\"\" srcset=\"https:\/\/kc.uniza.sk\/wp-content\/uploads\/2025\/09\/1758003316958.jpg 566w, https:\/\/kc.uniza.sk\/wp-content\/uploads\/2025\/09\/1758003316958-212x300.jpg 212w, https:\/\/kc.uniza.sk\/wp-content\/uploads\/2025\/09\/1758003316958-370x523.jpg 370w, https:\/\/kc.uniza.sk\/wp-content\/uploads\/2025\/09\/1758003316958-410x580.jpg 410w\" sizes=\"(max-width: 600px) 100vw, 566px\" \/>\t\t\t\t\t\t\t\t\t\t\t\t\t\t\t<\/div>\n\t\t\t\t<\/div>\n\t\t\t\t\t<\/div>\n\t\t\t\t<\/div>\n\t\t\t\t<\/div>\n\t\t","protected":false},"excerpt":{"rendered":"<p>Webin\u00e1re pre verejnos\u0165 Po\u010das rie\u0161enia projektu boli zrealizovan\u00e9 dva osvetov\u00e9 online webin\u00e1re o potrebe kybernetickej bezpe\u010dnosti zameran\u00e9 na ochranu pred podvodmi a\u00a0bezpe\u010dnos\u0165 na internete. Z\u00e1znam zo zrealizovan\u00fdch\u00a0webin\u00e1rov mo\u017eno n\u00e1js\u0165 tu:&hellip;<\/p>\n","protected":false},"author":1,"featured_media":0,"parent":0,"menu_order":0,"comment_status":"closed","ping_status":"closed","template":"","meta":{"footnotes":""},"class_list":["post-1563","page","type-page","status-publish","hentry"],"yoast_head":"<!-- This site is optimized with the Yoast SEO plugin v25.1 - https:\/\/yoast.com\/wordpress\/plugins\/seo\/ -->\n<title>Webin\u00e1re pre verejnos\u0165 - Kompeten\u010dn\u00e9 centrum kybernetickej bezpe\u010dnosti UNIZA<\/title>\n<meta name=\"robots\" content=\"index, follow, max-snippet:-1, max-image-preview:large, max-video-preview:-1\" \/>\n<link rel=\"canonical\" href=\"https:\/\/kc.uniza.sk\/?page_id=1563\" \/>\n<meta property=\"og:locale\" content=\"sk_SK\" \/>\n<meta property=\"og:type\" content=\"article\" \/>\n<meta property=\"og:title\" content=\"Webin\u00e1re pre verejnos\u0165 - Kompeten\u010dn\u00e9 centrum kybernetickej bezpe\u010dnosti UNIZA\" \/>\n<meta property=\"og:description\" content=\"Webin\u00e1re pre verejnos\u0165 Po\u010das rie\u0161enia projektu boli zrealizovan\u00e9 dva osvetov\u00e9 online webin\u00e1re o potrebe kybernetickej bezpe\u010dnosti zameran\u00e9 na ochranu pred podvodmi a\u00a0bezpe\u010dnos\u0165 na internete. Z\u00e1znam zo zrealizovan\u00fdch\u00a0webin\u00e1rov mo\u017eno n\u00e1js\u0165 tu:&hellip;\" \/>\n<meta property=\"og:url\" content=\"https:\/\/kc.uniza.sk\/?page_id=1563\" \/>\n<meta property=\"og:site_name\" content=\"Kompeten\u010dn\u00e9 centrum kybernetickej bezpe\u010dnosti UNIZA\" \/>\n<meta property=\"article:modified_time\" content=\"2026-03-29T16:28:56+00:00\" \/>\n<meta property=\"og:image\" content=\"https:\/\/kc.uniza.sk\/wp-content\/uploads\/2026\/01\/ochrana_pred_podvodmi_plagat-scaled.jpg\" \/>\n\t<meta property=\"og:image:width\" content=\"1811\" \/>\n\t<meta property=\"og:image:height\" content=\"2560\" \/>\n\t<meta property=\"og:image:type\" content=\"image\/jpeg\" \/>\n<meta name=\"twitter:card\" content=\"summary_large_image\" \/>\n<meta name=\"twitter:label1\" content=\"Predpokladan\u00fd \u010das \u010d\u00edtania\" \/>\n\t<meta name=\"twitter:data1\" content=\"2 min\u00faty\" \/>\n<script type=\"application\/ld+json\" class=\"yoast-schema-graph\">{\"@context\":\"https:\/\/schema.org\",\"@graph\":[{\"@type\":\"WebPage\",\"@id\":\"https:\/\/kc.uniza.sk\/?page_id=1563\",\"url\":\"https:\/\/kc.uniza.sk\/?page_id=1563\",\"name\":\"Webin\u00e1re pre verejnos\u0165 - Kompeten\u010dn\u00e9 centrum kybernetickej bezpe\u010dnosti UNIZA\",\"isPartOf\":{\"@id\":\"https:\/\/kc.uniza.sk\/#website\"},\"primaryImageOfPage\":{\"@id\":\"https:\/\/kc.uniza.sk\/?page_id=1563#primaryimage\"},\"image\":{\"@id\":\"https:\/\/kc.uniza.sk\/?page_id=1563#primaryimage\"},\"thumbnailUrl\":\"http:\/\/kc.uniza.sk\/wp-content\/uploads\/2026\/01\/ochrana_pred_podvodmi_plagat-725x1024.jpg\",\"datePublished\":\"2026-03-26T10:04:31+00:00\",\"dateModified\":\"2026-03-29T16:28:56+00:00\",\"breadcrumb\":{\"@id\":\"https:\/\/kc.uniza.sk\/?page_id=1563#breadcrumb\"},\"inLanguage\":\"sk-SK\",\"potentialAction\":[{\"@type\":\"ReadAction\",\"target\":[\"https:\/\/kc.uniza.sk\/?page_id=1563\"]}]},{\"@type\":\"ImageObject\",\"inLanguage\":\"sk-SK\",\"@id\":\"https:\/\/kc.uniza.sk\/?page_id=1563#primaryimage\",\"url\":\"https:\/\/kc.uniza.sk\/wp-content\/uploads\/2026\/01\/ochrana_pred_podvodmi_plagat-scaled.jpg\",\"contentUrl\":\"https:\/\/kc.uniza.sk\/wp-content\/uploads\/2026\/01\/ochrana_pred_podvodmi_plagat-scaled.jpg\",\"width\":1811,\"height\":2560},{\"@type\":\"BreadcrumbList\",\"@id\":\"https:\/\/kc.uniza.sk\/?page_id=1563#breadcrumb\",\"itemListElement\":[{\"@type\":\"ListItem\",\"position\":1,\"name\":\"Domovsk\u00e1 str\u00e1nka\",\"item\":\"https:\/\/kc.uniza.sk\/\"},{\"@type\":\"ListItem\",\"position\":2,\"name\":\"Webin\u00e1re pre verejnos\u0165\"}]},{\"@type\":\"WebSite\",\"@id\":\"https:\/\/kc.uniza.sk\/#website\",\"url\":\"https:\/\/kc.uniza.sk\/\",\"name\":\"Kompeten\u010dn\u00e9 centrum kybernetickej bezpe\u010dnosti UNIZA\",\"description\":\"\",\"publisher\":{\"@id\":\"https:\/\/kc.uniza.sk\/#organization\"},\"potentialAction\":[{\"@type\":\"SearchAction\",\"target\":{\"@type\":\"EntryPoint\",\"urlTemplate\":\"https:\/\/kc.uniza.sk\/?s={search_term_string}\"},\"query-input\":{\"@type\":\"PropertyValueSpecification\",\"valueRequired\":true,\"valueName\":\"search_term_string\"}}],\"inLanguage\":\"sk-SK\"},{\"@type\":\"Organization\",\"@id\":\"https:\/\/kc.uniza.sk\/#organization\",\"name\":\"Kompeten\u010dn\u00e9 centrum kybernetickej bezpe\u010dnosti UNIZA\",\"url\":\"https:\/\/kc.uniza.sk\/\",\"logo\":{\"@type\":\"ImageObject\",\"inLanguage\":\"sk-SK\",\"@id\":\"https:\/\/kc.uniza.sk\/#\/schema\/logo\/image\/\",\"url\":\"https:\/\/kc.uniza.sk\/wp-content\/uploads\/2025\/03\/cropped-2-1-e1741152780415.png\",\"contentUrl\":\"https:\/\/kc.uniza.sk\/wp-content\/uploads\/2025\/03\/cropped-2-1-e1741152780415.png\",\"width\":402,\"height\":97,\"caption\":\"Kompeten\u010dn\u00e9 centrum kybernetickej bezpe\u010dnosti UNIZA\"},\"image\":{\"@id\":\"https:\/\/kc.uniza.sk\/#\/schema\/logo\/image\/\"}}]}<\/script>\n<!-- \/ Yoast SEO plugin. -->","yoast_head_json":{"title":"Webin\u00e1re pre verejnos\u0165 - Kompeten\u010dn\u00e9 centrum kybernetickej bezpe\u010dnosti UNIZA","robots":{"index":"index","follow":"follow","max-snippet":"max-snippet:-1","max-image-preview":"max-image-preview:large","max-video-preview":"max-video-preview:-1"},"canonical":"https:\/\/kc.uniza.sk\/?page_id=1563","og_locale":"sk_SK","og_type":"article","og_title":"Webin\u00e1re pre verejnos\u0165 - Kompeten\u010dn\u00e9 centrum kybernetickej bezpe\u010dnosti UNIZA","og_description":"Webin\u00e1re pre verejnos\u0165 Po\u010das rie\u0161enia projektu boli zrealizovan\u00e9 dva osvetov\u00e9 online webin\u00e1re o potrebe kybernetickej bezpe\u010dnosti zameran\u00e9 na ochranu pred podvodmi a\u00a0bezpe\u010dnos\u0165 na internete. Z\u00e1znam zo zrealizovan\u00fdch\u00a0webin\u00e1rov mo\u017eno n\u00e1js\u0165 tu:&hellip;","og_url":"https:\/\/kc.uniza.sk\/?page_id=1563","og_site_name":"Kompeten\u010dn\u00e9 centrum kybernetickej bezpe\u010dnosti UNIZA","article_modified_time":"2026-03-29T16:28:56+00:00","og_image":[{"width":1811,"height":2560,"url":"https:\/\/kc.uniza.sk\/wp-content\/uploads\/2026\/01\/ochrana_pred_podvodmi_plagat-scaled.jpg","type":"image\/jpeg"}],"twitter_card":"summary_large_image","twitter_misc":{"Predpokladan\u00fd \u010das \u010d\u00edtania":"2 min\u00faty"},"schema":{"@context":"https:\/\/schema.org","@graph":[{"@type":"WebPage","@id":"https:\/\/kc.uniza.sk\/?page_id=1563","url":"https:\/\/kc.uniza.sk\/?page_id=1563","name":"Webin\u00e1re pre verejnos\u0165 - Kompeten\u010dn\u00e9 centrum kybernetickej bezpe\u010dnosti UNIZA","isPartOf":{"@id":"https:\/\/kc.uniza.sk\/#website"},"primaryImageOfPage":{"@id":"https:\/\/kc.uniza.sk\/?page_id=1563#primaryimage"},"image":{"@id":"https:\/\/kc.uniza.sk\/?page_id=1563#primaryimage"},"thumbnailUrl":"http:\/\/kc.uniza.sk\/wp-content\/uploads\/2026\/01\/ochrana_pred_podvodmi_plagat-725x1024.jpg","datePublished":"2026-03-26T10:04:31+00:00","dateModified":"2026-03-29T16:28:56+00:00","breadcrumb":{"@id":"https:\/\/kc.uniza.sk\/?page_id=1563#breadcrumb"},"inLanguage":"sk-SK","potentialAction":[{"@type":"ReadAction","target":["https:\/\/kc.uniza.sk\/?page_id=1563"]}]},{"@type":"ImageObject","inLanguage":"sk-SK","@id":"https:\/\/kc.uniza.sk\/?page_id=1563#primaryimage","url":"https:\/\/kc.uniza.sk\/wp-content\/uploads\/2026\/01\/ochrana_pred_podvodmi_plagat-scaled.jpg","contentUrl":"https:\/\/kc.uniza.sk\/wp-content\/uploads\/2026\/01\/ochrana_pred_podvodmi_plagat-scaled.jpg","width":1811,"height":2560},{"@type":"BreadcrumbList","@id":"https:\/\/kc.uniza.sk\/?page_id=1563#breadcrumb","itemListElement":[{"@type":"ListItem","position":1,"name":"Domovsk\u00e1 str\u00e1nka","item":"https:\/\/kc.uniza.sk\/"},{"@type":"ListItem","position":2,"name":"Webin\u00e1re pre verejnos\u0165"}]},{"@type":"WebSite","@id":"https:\/\/kc.uniza.sk\/#website","url":"https:\/\/kc.uniza.sk\/","name":"Kompeten\u010dn\u00e9 centrum kybernetickej bezpe\u010dnosti UNIZA","description":"","publisher":{"@id":"https:\/\/kc.uniza.sk\/#organization"},"potentialAction":[{"@type":"SearchAction","target":{"@type":"EntryPoint","urlTemplate":"https:\/\/kc.uniza.sk\/?s={search_term_string}"},"query-input":{"@type":"PropertyValueSpecification","valueRequired":true,"valueName":"search_term_string"}}],"inLanguage":"sk-SK"},{"@type":"Organization","@id":"https:\/\/kc.uniza.sk\/#organization","name":"Kompeten\u010dn\u00e9 centrum kybernetickej bezpe\u010dnosti UNIZA","url":"https:\/\/kc.uniza.sk\/","logo":{"@type":"ImageObject","inLanguage":"sk-SK","@id":"https:\/\/kc.uniza.sk\/#\/schema\/logo\/image\/","url":"https:\/\/kc.uniza.sk\/wp-content\/uploads\/2025\/03\/cropped-2-1-e1741152780415.png","contentUrl":"https:\/\/kc.uniza.sk\/wp-content\/uploads\/2025\/03\/cropped-2-1-e1741152780415.png","width":402,"height":97,"caption":"Kompeten\u010dn\u00e9 centrum kybernetickej bezpe\u010dnosti UNIZA"},"image":{"@id":"https:\/\/kc.uniza.sk\/#\/schema\/logo\/image\/"}}]}},"_links":{"self":[{"href":"https:\/\/kc.uniza.sk\/index.php?rest_route=\/wp\/v2\/pages\/1563","targetHints":{"allow":["GET"]}}],"collection":[{"href":"https:\/\/kc.uniza.sk\/index.php?rest_route=\/wp\/v2\/pages"}],"about":[{"href":"https:\/\/kc.uniza.sk\/index.php?rest_route=\/wp\/v2\/types\/page"}],"author":[{"embeddable":true,"href":"https:\/\/kc.uniza.sk\/index.php?rest_route=\/wp\/v2\/users\/1"}],"replies":[{"embeddable":true,"href":"https:\/\/kc.uniza.sk\/index.php?rest_route=%2Fwp%2Fv2%2Fcomments&post=1563"}],"version-history":[{"count":22,"href":"https:\/\/kc.uniza.sk\/index.php?rest_route=\/wp\/v2\/pages\/1563\/revisions"}],"predecessor-version":[{"id":2138,"href":"https:\/\/kc.uniza.sk\/index.php?rest_route=\/wp\/v2\/pages\/1563\/revisions\/2138"}],"wp:attachment":[{"href":"https:\/\/kc.uniza.sk\/index.php?rest_route=%2Fwp%2Fv2%2Fmedia&parent=1563"}],"curies":[{"name":"wp","href":"https:\/\/api.w.org\/{rel}","templated":true}]}}