{"id":1565,"date":"2026-03-26T10:05:59","date_gmt":"2026-03-26T10:05:59","guid":{"rendered":"https:\/\/kc.uniza.sk\/?page_id=1565"},"modified":"2026-03-29T16:34:00","modified_gmt":"2026-03-29T16:34:00","slug":"vyskumna-cinnost","status":"publish","type":"page","link":"https:\/\/kc.uniza.sk\/?page_id=1565","title":{"rendered":"V\u00fdskumn\u00e1 \u010dinnos\u0165"},"content":{"rendered":"\t\t<div data-elementor-type=\"wp-page\" data-elementor-id=\"1565\" class=\"elementor elementor-1565\">\n\t\t\t\t\t\t<section class=\"elementor-section elementor-top-section elementor-element elementor-element-a9da772 elementor-section-boxed elementor-section-height-default elementor-section-height-default sc_fly_static\" data-id=\"a9da772\" data-element_type=\"section\">\n\t\t\t\t\t\t<div class=\"elementor-container elementor-column-gap-extended\">\n\t\t\t\t\t<div class=\"elementor-column elementor-col-100 elementor-top-column elementor-element elementor-element-1b55759 sc_content_align_inherit sc_layouts_column_icons_position_left sc_fly_static\" data-id=\"1b55759\" data-element_type=\"column\">\n\t\t\t<div class=\"elementor-widget-wrap elementor-element-populated\">\n\t\t\t\t\t\t<div class=\"elementor-element elementor-element-8bcb77c sc_height_small sc_fly_static elementor-widget elementor-widget-spacer\" data-id=\"8bcb77c\" data-element_type=\"widget\" data-widget_type=\"spacer.default\">\n\t\t\t\t<div class=\"elementor-widget-container\">\n\t\t\t\t\t\t\t<div class=\"elementor-spacer\">\n\t\t\t<div class=\"elementor-spacer-inner\"><\/div>\n\t\t<\/div>\n\t\t\t\t\t\t<\/div>\n\t\t\t\t<\/div>\n\t\t\t\t\t<\/div>\n\t\t<\/div>\n\t\t\t\t\t<\/div>\n\t\t<\/section>\n\t\t\t\t<section class=\"elementor-section elementor-top-section elementor-element elementor-element-6386df51 elementor-section-content-middle elementor-section-boxed elementor-section-height-default elementor-section-height-default sc_fly_static\" data-id=\"6386df51\" data-element_type=\"section\">\n\t\t\t\t\t\t<div class=\"elementor-container elementor-column-gap-extended\">\n\t\t\t\t\t<div class=\"elementor-column elementor-col-100 elementor-top-column elementor-element elementor-element-12d5d9cf sc_content_align_inherit sc_layouts_column_icons_position_left sc_fly_static\" data-id=\"12d5d9cf\" data-element_type=\"column\">\n\t\t\t<div class=\"elementor-widget-wrap elementor-element-populated\">\n\t\t\t\t\t\t<div class=\"elementor-element elementor-element-373750c5 sc_fly_static elementor-widget elementor-widget-trx_sc_title\" data-id=\"373750c5\" data-element_type=\"widget\" data-widget_type=\"trx_sc_title.default\">\n\t\t\t\t<div class=\"elementor-widget-container\">\n\t\t\t\t\t<div\t\tclass=\"sc_title sc_title_default\" ><h2 class=\"sc_item_title sc_title_title sc_item_title_style_default sc_item_title_tag\"\n\t\t\t><span class=\"sc_item_title_text\">V\u00fdskumn\u00e1 \u010dinnos\u0165<\/span><\/h2><\/div>\t\t\t\t<\/div>\n\t\t\t\t<\/div>\n\t\t\t\t<div class=\"elementor-element elementor-element-65e2946 sc_height_small sc_fly_static elementor-widget elementor-widget-spacer\" data-id=\"65e2946\" data-element_type=\"widget\" data-widget_type=\"spacer.default\">\n\t\t\t\t<div class=\"elementor-widget-container\">\n\t\t\t\t\t\t\t<div class=\"elementor-spacer\">\n\t\t\t<div class=\"elementor-spacer-inner\"><\/div>\n\t\t<\/div>\n\t\t\t\t\t\t<\/div>\n\t\t\t\t<\/div>\n\t\t\t\t<div class=\"elementor-element elementor-element-10be80b sc_fly_static elementor-widget elementor-widget-text-editor\" data-id=\"10be80b\" data-element_type=\"widget\" data-widget_type=\"text-editor.default\">\n\t\t\t\t<div class=\"elementor-widget-container\">\n\t\t\t\t\t\t\t\t\t<p>V r\u00e1mci v\u00fdskumn\u00fdch aktiv\u00edt projektu sme sa zamerali na aktivity smeruj\u00face k expertn\u00fdm a operat\u00edvnym \u010dinnostiam v t\u00e9me KIB. Reflektovali sme na v\u00fdskum v oblasti k\u013e\u00fa\u010dov\u00fdch digit\u00e1lnych kompetenci\u00ed a technol\u00f3gi\u00ed, v oblasti cloudov\u00fdch technol\u00f3gi\u00ed z poh\u013eadu KIB.<\/p><p>Prv\u00e1 z oblast\u00ed v\u00fdskumnej \u010dinnosti je vo vz\u0165ahu ku riadeniu kybernetickej a informa\u010dnej bezpe\u010dnosti. Je \u00a0zameran\u00e1 na procesy mana\u017e\u00e9rstva, resp. riadenia riz\u00edk kybernetickej bezpe\u010dnosti s prepojen\u00edm na kontinuitu \u010dinnosti kritick\u00fdch procesov. V\u00fdskumn\u00e1 \u010dinnos\u0165 je zameran\u00e1 na tvorbu a implement\u00e1ciu pokro\u010dil\u00fdch metod\u00edk a n\u00e1strojov na identifik\u00e1ciu, hodnotenie a mitig\u00e1ciu riz\u00edk KIB s vyu\u017eit\u00edm prvkov automatiz\u00e1cie vybran\u00fdch procesov a taktie\u017e na sk\u00famanie dopadov kybernetick\u00fdch \u00fatokov na kontinuitu \u010dinnosti podnikov a verejn\u00fdch in\u0161tit\u00faci\u00ed. S vyu\u017eit\u00edm automatiz\u00e1cie a nasaden\u00edm dostupn\u00fdch informa\u010dn\u00fdch prostriedkov sa zabezpe\u010d\u00ed efekt\u00edvnej\u0161\u00ed priebeh auditov \u010do sa prejav\u00ed v zn\u00ed\u017eenej miere rizika vypl\u00fdvaj\u00faceho z uskuto\u010dnenia kybernetick\u00fdch hrozieb. V oblasti mitig\u00e1cie riz\u00edk, sme sa zamerali na v\u00fdskum orientovan\u00fd na problematiku hybridn\u00fdch hrozieb a nov\u00fdch foriem soci\u00e1lneho in\u017einierstva.<\/p><p>Druhou oblas\u0165ou v\u00fdskumu je oblas\u0165 cloud computingu a v\u00fdvoj jeho slu\u017eieb pre oblas\u0165 bezpe\u010dnosti. Pri rie\u0161en\u00ed t\u00e9my sme sa zamerali na aplik\u00e1ciu nov\u00fdch pr\u00edstupov a vyu\u017eitie otvoren\u00fdch modern\u00fdch technol\u00f3gi\u00ed na vytvorenie flexibiln\u00e9ho a mulititenantn\u00e9ho opera\u010dn\u00e9ho centra kybernetickej bezpe\u010dnosti (SOC) ako otvorenej a dostupnej cloudovej slu\u017eby. V\u00fdskum a v\u00fdvoj bol s\u00fa\u010das\u0165ou probl\u00e9movo a projektovo orientovan\u00e9ho vzdel\u00e1vania vyu\u017e\u00edvan\u00e9ho na pracovisk\u00e1ch UNIZA so zap\u00e1jan\u00edm \u0161tudentov V\u0160 vzdel\u00e1vania.<\/p><p>Rie\u0161enie dan\u00fdch v\u00fdskumn\u00fdch t\u00e9m umo\u017enilo UNIZA vyvin\u00fa\u0165 bezpe\u010dnostn\u00e9 procesy a rie\u0161enia (napr. v druhom pr\u00edpade SOC centrum), ktor\u00fdch rie\u0161enie prispelo k rozvoju praktick\u00fdch zru\u010dnost\u00ed \u0161tudentov denn\u00e9ho \u0161t\u00fadia ako aj k rozvoju \u010fal\u0161\u00edch vedecko-v\u00fdskumn\u00fdch aktiv\u00edt v oblasti bezpe\u010dnosti a cloud computingu (CC). V t\u00e9me rie\u0161enia projektu preto boli vyp\u00edsan\u00e9 viacer\u00e9 dizerta\u010dn\u00e9 pr\u00e1ce. V\u00fdstupy z rie\u0161enia boli publikovan\u00e9 v dom\u00e1cich a zahrani\u010dn\u00fdch zborn\u00edkoch alebo \u010dasopisoch, niektor\u00e9 z\u00a0nich s otvoren\u00fdm pr\u00edstupom.<\/p><h4><strong>Dizerta\u010dn\u00e9 pr\u00e1ce s\u00favisiace s problematikou KIB<\/strong><\/h4><p>Po\u010das rie\u0161enia projektu boli prijat\u00ed doktorandi na rie\u0161enie dizerta\u010dn\u00fdch pr\u00e1c s\u00favisiacich s problematikou KIB a ako denn\u00fdm doktorandom im bolo poskytnut\u00e9 \u0161tipendium.<\/p><p>Rie\u0161en\u00e9 dizerta\u010dn\u00e9 pr\u00e1ce s\u00favisiace s problematikou KIB na pracovisku <strong>Fakulta riadenia a\u00a0informatiky:<\/strong><\/p><ol><li style=\"list-style-type: none;\"><ol><li>Meno a priezvisko doktoranda: Ing. \u013dubica \u017didekov\u00e1<\/li><li style=\"list-style-type: none;\">T\u00e9ma dizerta\u010dnej pr\u00e1ce: <strong>Technologick\u00e9 aspekty a slu\u017eby hybridn\u00fdch cloud computing\u00a0 syst\u00e9mov (zameranie na SOCaaS slu\u017ebu)<\/strong><\/li><li style=\"list-style-type: none;\">\u0160tudijn\u00fd odbor: Informatika, \u0161t. program: aplikovan\u00e1 informatika<\/li><\/ol><\/li><\/ol><ol><li style=\"list-style-type: none;\"><ol start=\"2\"><li>Meno a priezvisko doktoranda: Ing. Dominika Findr\u00edkov\u00e1\u00a0<\/li><li style=\"list-style-type: none;\">T\u00e9ma dizerta\u010dnej pr\u00e1ce: <strong>Model riadenia informa\u010dnej bezpe\u010dnosti v organiz\u00e1cii<\/strong><\/li><li style=\"list-style-type: none;\">\u0160tudijn\u00fd odbor: mana\u017ement, \u0161t. program: ekon\u00f3mia a mana\u017ement<\/li><\/ol><\/li><\/ol><ol><li style=\"list-style-type: none;\"><ol start=\"3\"><li>Meno a priezvisko doktoranda: Ing. Pavol Ondr\u00edk<\/li><li style=\"list-style-type: none;\">T\u00e9ma dizerta\u010dnej pr\u00e1ce: <strong>Digit\u00e1lna transform\u00e1cia ako aspekt udr\u017eate\u013en\u00e9ho rozvoja podniku<\/strong><\/li><li style=\"list-style-type: none;\">\u0160tudijn\u00fd odbor: mana\u017ement, \u0161t. program: ekon\u00f3mia a mana\u017ement<\/li><\/ol><\/li><\/ol><ol><li style=\"list-style-type: none;\"><ol start=\"4\"><li>Meno a priezvisko doktoranda: Ing. Barbora Blahov\u00e1<\/li><li style=\"list-style-type: none;\">T\u00e9ma dizerta\u010dnej pr\u00e1ce: <strong>Vzdel\u00e1vanie zamestnancov v kybernetickej bezpe\u010dnosti: K\u013e\u00fa\u010dov\u00fd faktor ochrany\u00a0 d\u00e1t organiz\u00e1cie<\/strong><\/li><li style=\"list-style-type: none;\">\u0160tudijn\u00fd odbor: ekon\u00f3mia a mana\u017ement, \u0161t. program: mana\u017ement<\/li><\/ol><\/li><\/ol><p>Rie\u0161en\u00e9 dizerta\u010dn\u00e9 pr\u00e1ce s\u00favisiace s problematikou KIB na pracovisku <strong>Fakulta bezpe\u010dnostn\u00e9ho in\u017einierstva:<\/strong><\/p><ol><li style=\"list-style-type: none;\"><ol><li>Meno a priezvisko doktoranda: Ing. Timotej Ma\u010duha\u00a0<\/li><li style=\"list-style-type: none;\">T\u00e9ma dizerta\u010dnej pr\u00e1ce: <strong>Zvy\u0161ovanie kybernetickej odolnosti mal\u00fdch a stredn\u00fdch podnikov s d\u00f4razom na v\u00fdzvy a syst\u00e9mov\u00e9 rie\u0161enia<\/strong><\/li><li style=\"list-style-type: none;\">\u0160tudijn\u00fd odbor: Bezpe\u010dnostn\u00e9 vedy, \u0161t. program: Bezpe\u010dnostn\u00fd mana\u017ement<\/li><\/ol><\/li><\/ol><h4><strong>Publika\u010dn\u00e9 v\u00fdstupy<\/strong><\/h4><p>Po\u010das rie\u0161enia projektu boli publikovan\u00e9 nasleduj\u00face publika\u010dn\u00e9 v\u00fdstupy rie\u0161ite\u013eov projektu:<\/p><ol><li><strong>Kampov\u00e1, K.; Love\u010dek, T.<\/strong> V\u00fdzvy v procese identifik\u00e1cie riz\u00edk v mana\u017emente informa\u010dnej bezpe\u010dnosti. Kr\u00edzov\u00fd mana\u017ement, 2024, 2, <a href=\"https:\/\/doi.org\/10.26552\/krm.J.2024.2\">https:\/\/doi.org\/10.26552\/krm.J.2024.2<\/a><\/li><li><strong>Holub\u010d\u00edk, M, Varmus, M, Galikova, V.<\/strong>, Modern trends in information systems architecture in the sports environment, Journal of sport management, science, education and practice, Vol2, Issue 1, ISSN 2989-4174, 2025<\/li><li><strong>Kampov\u00e1, T. Love\u010dek, J. Uramov\u00e1, P. Sege\u010d<\/strong>. Advancing cybersecurity education and workforce development for a resilient digital future. Edulearn25 Proceedings &#8211; pages 1441-1446, doi: 10.21125\/edulearn.2025.0459, <a href=\"https:\/\/doi.org\/10.21125\/edulearn.2025.0459\">https:\/\/doi.org\/10.21125\/edulearn.2025.0459<\/a><\/li><li><strong>Sk\u00fdpalov\u00e1, M. Boro\u0161<\/strong>. Vyu\u017eitie vn\u00fatorn\u00fdch polohovac\u00edch syst\u00e9mov v r\u00e1mci informa\u010dnej bezpe\u010dnosti. Mlad\u00e1 veda 2025. XX. medzin\u00e1rodn\u00e1 konferencia mlad\u00fdch vedeck\u00fdch pracovn\u00edkov a doktorandov, 14. \u2013 15. apr\u00edl 2025, EDIS:\u017dilina, ISBN: 978-80-554-2180-3, <a href=\"https:\/\/www.fbi.vsb.cz\/cs\/.content\/galerie-souboru\/Konference\/archiv-sborniku\/MV_2025_Sbornik-prispevku.pdf\">https:\/\/www.fbi.vsb.cz\/cs\/.content\/galerie-souboru\/Konference\/archiv-sborniku\/MV_2025_Sbornik-prispevku.pdf<\/a><\/li><li><strong>\u0160taffenov\u00e1, N. a kol<\/strong>. Using of human capital management in small and medium-sized enterprises in context of Industry 4.0, <a href=\"https:\/\/journals.plos.org\/plosone\/article?id=10.1371\/journal.pone.0320568\">https:\/\/journals.plos.org\/plosone\/article?id=10.1371\/journal.pone.0320568<\/a><\/li><li><strong>Michal URBANOVI\u010c \u2013 Martin HOLUB\u010c\u00cdK<\/strong>: Available ICT Technologies in Managerial Decision-Making with Regard To Cybersecurity; Journal of Information, Control and Management Systems Faculty of Management Science and Informatics; University of \u017dilina; ISSN 1336-1716:<\/li><li><strong>MICHAL URBANOVI\u010c \u2013 MARTIN HOLUB\u010c\u00cdK<\/strong>: Managerial Decision-Making in a Company from a Cybersecurity Perspective; Journal Management: Science and Education; Faculty of Management Science and Informatics, University of \u017dilina Univerzitn\u00e1 8215\/1, 010 26 \u017dilina, Slovakia; ISSN 1338-9777<\/li><li><strong>Ristvej, J., Tonhauser, M., Chovanec, D. et al.<\/strong> Cyber resilience conceptual model for European Union NIS2 standards implementation in Slovakia. <em>Sci Rep<\/em> <strong>15<\/strong>, 26902 (2025). <a href=\"https:\/\/doi.org\/10.1038\/s41598-025-12829-3\">https:\/\/doi.org\/10.1038\/s41598-025-12829-3<\/a><\/li><li><strong>Madle\u0148\u00e1k, M., Kampov\u00e1, K. &amp; Adamov\u00e1<\/strong>, V. AI-generated content as a cybersecurity threat: Implications for cybersecurity education. ICERI2025 Proceedings, 6826\u20136832 (2025). <a href=\"https:\/\/doi.org\/10.21125\/iceri.2025.1868\">https:\/\/doi.org\/10.21125\/iceri.2025.1868<\/a><\/li><li><strong>Sokolov\u00e1, \u013d., Madle\u0148\u00e1k, M. &amp; Ma\u010duha,<\/strong> Supply chain and cybersecurity. Rie\u0161enie kr\u00edzov\u00fdch situ\u00e1ci\u00ed v \u0161pecifickom prostred\u00ed (\u017dilina: \u017dilinsk\u00e1 univerzita v \u017diline, Fakulta bezpe\u010dnostn\u00e9ho in\u017einierstva), 2025., <a href=\"https:\/\/fbi.uniza.sk\/stranka\/casopis-krizovy-manazment-cislo-2-2025\">https:\/\/fbi.uniza.sk\/stranka\/casopis-krizovy-manazment-cislo-2-2025<\/a><\/li><li><strong>Madle\u0148\u00e1k, M., Love\u010dek, T., Ma\u010duha, T<\/strong>. Detection of systhetic media: Survey-based anaylsiss of age group differences.Rie\u0161enie kr\u00edzov\u00fdch situ\u00e1ci\u00ed v \u0161pecifickom prostred\u00ed (\u017dilina: \u017dilinsk\u00e1 univerzita v \u017diline, Fakulta bezpe\u010dnostn\u00e9ho in\u017einierstva), 2025, <a href=\"https:\/\/fbi.uniza.sk\/stranka\/konferencia-rks\">https:\/\/fbi.uniza.sk\/stranka\/konferencia-rks<\/a><\/li><li><strong>Ondr\u00edk P., Jankal R.:<\/strong> Digital transformation: a comparative analysis of sme digital maturity models, ENTREPRENEURSHIP AND SUSTAINABILITY ISSUES, ISSN 2345-0282 (online), <a href=\"http:\/\/jssidoi.org\/jesi\/\">http:\/\/jssidoi.org\/jesi\/<\/a>, 2025 Volume 13 Number 1 (September), <a href=\"http:\/\/doi.org\/10.9770\/w7354634293\">http:\/\/doi.org\/10.9770\/w7354634293<\/a><\/li><li><strong>\u0160taffenov\u00e1 N., Dupakova D., Kubina M., <\/strong>Integration of ISMS into the organization&#8217;s strategy and its impact on security culture in the digital environment, Administrative sciences, ISSN 2076-3387, <a href=\"https:\/\/ieeexplore.ieee.org\/document\/8756645\">https:\/\/ieeexplore.ieee.org\/document\/8756645<\/a><\/li><li><strong>Bor\u0161o\u0161, P., Koman, G., \u0160taffenov\u00e1 N., <\/strong>Etick\u00e9 princ\u00edpy a informa\u010dn\u00e1 bezpe\u010dnos\u0165 v procese n\u00e1boru zamestnancov s vyu\u017eit\u00edm umelej inteligencie, \u017dilinsk\u00e1 univerzita v \u017diline, 2025. \u2013 292 s., ISBN 978-80-554-2219-0, <a href=\"https:\/\/edis.uniza.sk\/produkt\/7502\/Eticke-principy-a-informacna-bezpecnost-v-procese-naboru-zamestnancov-s-vyuzitim-umelej-inteligencie\/\">https:\/\/edis.uniza.sk\/produkt\/7502\/Eticke-principy-a-informacna-bezpecnost-v-procese-naboru-zamestnancov-s-vyuzitim-umelej-inteligencie\/<\/a><\/li><li><strong>Domanick\u00e1, K., Holub\u010d\u00edk, M.: <\/strong>Cyber security and its importance for marketing management. In: Journal of Information, Control and Management Systems, Vol. 23, (2025), No.2, ISSN 1336-1716. pp. 3-8<\/li><\/ol><h4><strong>\u00da\u010dasti na odborn\u00fdch a profesijn\u00fdch konferenci\u00e1ch a\u00a0podujatiach<\/strong><\/h4><p>Po\u010das rie\u0161enia projektu boli realizovan\u00e9 nasleduj\u00face \u00fa\u010dasti na odborn\u00fdch alebo profesijn\u00fdch konferenci\u00e1ch a\u00a0podujatiach:<\/p><ul><li>Expertn\u00e9 f\u00f3rum pre ochranu m\u00e4kk\u00fdch cie\u013eov &#8211; integr\u00e1cia fyzickej, objektovej a kybernetickej bezpe\u010dnosti pri ochrane m\u00e4kk\u00fdch cie\u013eov, Brunovce 18.11.2024, \u00fa\u010dastn\u00edci: Tom\u00e1\u0161 Love\u010dek<\/li><\/ul>\t\t\t\t\t\t\t\t<\/div>\n\t\t\t\t<\/div>\n\t\t\t\t<div class=\"elementor-element elementor-element-f6059c4 sc_height_large sc_fly_static elementor-widget elementor-widget-spacer\" data-id=\"f6059c4\" data-element_type=\"widget\" data-widget_type=\"spacer.default\">\n\t\t\t\t<div class=\"elementor-widget-container\">\n\t\t\t\t\t\t\t<div class=\"elementor-spacer\">\n\t\t\t<div class=\"elementor-spacer-inner\"><\/div>\n\t\t<\/div>\n\t\t\t\t\t\t<\/div>\n\t\t\t\t<\/div>\n\t\t\t\t\t<\/div>\n\t\t<\/div>\n\t\t\t\t\t<\/div>\n\t\t<\/section>\n\t\t\t\t<\/div>\n\t\t","protected":false},"excerpt":{"rendered":"<p>V\u00fdskumn\u00e1 \u010dinnos\u0165 V r\u00e1mci v\u00fdskumn\u00fdch aktiv\u00edt projektu sme sa zamerali na aktivity smeruj\u00face k expertn\u00fdm a operat\u00edvnym \u010dinnostiam v t\u00e9me KIB. Reflektovali sme na v\u00fdskum v oblasti k\u013e\u00fa\u010dov\u00fdch digit\u00e1lnych kompetenci\u00ed&hellip;<\/p>\n","protected":false},"author":1,"featured_media":0,"parent":0,"menu_order":0,"comment_status":"closed","ping_status":"closed","template":"","meta":{"footnotes":""},"class_list":["post-1565","page","type-page","status-publish","hentry"],"yoast_head":"<!-- This site is optimized with the Yoast SEO plugin v25.1 - https:\/\/yoast.com\/wordpress\/plugins\/seo\/ -->\n<title>V\u00fdskumn\u00e1 \u010dinnos\u0165 - Kompeten\u010dn\u00e9 centrum kybernetickej bezpe\u010dnosti UNIZA<\/title>\n<meta name=\"robots\" content=\"index, follow, max-snippet:-1, max-image-preview:large, max-video-preview:-1\" \/>\n<link rel=\"canonical\" href=\"https:\/\/kc.uniza.sk\/?page_id=1565\" \/>\n<meta property=\"og:locale\" content=\"sk_SK\" \/>\n<meta property=\"og:type\" content=\"article\" \/>\n<meta property=\"og:title\" content=\"V\u00fdskumn\u00e1 \u010dinnos\u0165 - Kompeten\u010dn\u00e9 centrum kybernetickej bezpe\u010dnosti UNIZA\" \/>\n<meta property=\"og:description\" content=\"V\u00fdskumn\u00e1 \u010dinnos\u0165 V r\u00e1mci v\u00fdskumn\u00fdch aktiv\u00edt projektu sme sa zamerali na aktivity smeruj\u00face k expertn\u00fdm a operat\u00edvnym \u010dinnostiam v t\u00e9me KIB. Reflektovali sme na v\u00fdskum v oblasti k\u013e\u00fa\u010dov\u00fdch digit\u00e1lnych kompetenci\u00ed&hellip;\" \/>\n<meta property=\"og:url\" content=\"https:\/\/kc.uniza.sk\/?page_id=1565\" \/>\n<meta property=\"og:site_name\" content=\"Kompeten\u010dn\u00e9 centrum kybernetickej bezpe\u010dnosti UNIZA\" \/>\n<meta property=\"article:modified_time\" content=\"2026-03-29T16:34:00+00:00\" \/>\n<meta name=\"twitter:card\" content=\"summary_large_image\" \/>\n<meta name=\"twitter:label1\" content=\"Predpokladan\u00fd \u010das \u010d\u00edtania\" \/>\n\t<meta name=\"twitter:data1\" content=\"6 min\u00fat\" \/>\n<script type=\"application\/ld+json\" class=\"yoast-schema-graph\">{\"@context\":\"https:\/\/schema.org\",\"@graph\":[{\"@type\":\"WebPage\",\"@id\":\"https:\/\/kc.uniza.sk\/?page_id=1565\",\"url\":\"https:\/\/kc.uniza.sk\/?page_id=1565\",\"name\":\"V\u00fdskumn\u00e1 \u010dinnos\u0165 - Kompeten\u010dn\u00e9 centrum kybernetickej bezpe\u010dnosti UNIZA\",\"isPartOf\":{\"@id\":\"https:\/\/kc.uniza.sk\/#website\"},\"datePublished\":\"2026-03-26T10:05:59+00:00\",\"dateModified\":\"2026-03-29T16:34:00+00:00\",\"breadcrumb\":{\"@id\":\"https:\/\/kc.uniza.sk\/?page_id=1565#breadcrumb\"},\"inLanguage\":\"sk-SK\",\"potentialAction\":[{\"@type\":\"ReadAction\",\"target\":[\"https:\/\/kc.uniza.sk\/?page_id=1565\"]}]},{\"@type\":\"BreadcrumbList\",\"@id\":\"https:\/\/kc.uniza.sk\/?page_id=1565#breadcrumb\",\"itemListElement\":[{\"@type\":\"ListItem\",\"position\":1,\"name\":\"Domovsk\u00e1 str\u00e1nka\",\"item\":\"https:\/\/kc.uniza.sk\/\"},{\"@type\":\"ListItem\",\"position\":2,\"name\":\"V\u00fdskumn\u00e1 \u010dinnos\u0165\"}]},{\"@type\":\"WebSite\",\"@id\":\"https:\/\/kc.uniza.sk\/#website\",\"url\":\"https:\/\/kc.uniza.sk\/\",\"name\":\"Kompeten\u010dn\u00e9 centrum kybernetickej bezpe\u010dnosti UNIZA\",\"description\":\"\",\"publisher\":{\"@id\":\"https:\/\/kc.uniza.sk\/#organization\"},\"potentialAction\":[{\"@type\":\"SearchAction\",\"target\":{\"@type\":\"EntryPoint\",\"urlTemplate\":\"https:\/\/kc.uniza.sk\/?s={search_term_string}\"},\"query-input\":{\"@type\":\"PropertyValueSpecification\",\"valueRequired\":true,\"valueName\":\"search_term_string\"}}],\"inLanguage\":\"sk-SK\"},{\"@type\":\"Organization\",\"@id\":\"https:\/\/kc.uniza.sk\/#organization\",\"name\":\"Kompeten\u010dn\u00e9 centrum kybernetickej bezpe\u010dnosti UNIZA\",\"url\":\"https:\/\/kc.uniza.sk\/\",\"logo\":{\"@type\":\"ImageObject\",\"inLanguage\":\"sk-SK\",\"@id\":\"https:\/\/kc.uniza.sk\/#\/schema\/logo\/image\/\",\"url\":\"https:\/\/kc.uniza.sk\/wp-content\/uploads\/2025\/03\/cropped-2-1-e1741152780415.png\",\"contentUrl\":\"https:\/\/kc.uniza.sk\/wp-content\/uploads\/2025\/03\/cropped-2-1-e1741152780415.png\",\"width\":402,\"height\":97,\"caption\":\"Kompeten\u010dn\u00e9 centrum kybernetickej bezpe\u010dnosti UNIZA\"},\"image\":{\"@id\":\"https:\/\/kc.uniza.sk\/#\/schema\/logo\/image\/\"}}]}<\/script>\n<!-- \/ Yoast SEO plugin. -->","yoast_head_json":{"title":"V\u00fdskumn\u00e1 \u010dinnos\u0165 - Kompeten\u010dn\u00e9 centrum kybernetickej bezpe\u010dnosti UNIZA","robots":{"index":"index","follow":"follow","max-snippet":"max-snippet:-1","max-image-preview":"max-image-preview:large","max-video-preview":"max-video-preview:-1"},"canonical":"https:\/\/kc.uniza.sk\/?page_id=1565","og_locale":"sk_SK","og_type":"article","og_title":"V\u00fdskumn\u00e1 \u010dinnos\u0165 - Kompeten\u010dn\u00e9 centrum kybernetickej bezpe\u010dnosti UNIZA","og_description":"V\u00fdskumn\u00e1 \u010dinnos\u0165 V r\u00e1mci v\u00fdskumn\u00fdch aktiv\u00edt projektu sme sa zamerali na aktivity smeruj\u00face k expertn\u00fdm a operat\u00edvnym \u010dinnostiam v t\u00e9me KIB. Reflektovali sme na v\u00fdskum v oblasti k\u013e\u00fa\u010dov\u00fdch digit\u00e1lnych kompetenci\u00ed&hellip;","og_url":"https:\/\/kc.uniza.sk\/?page_id=1565","og_site_name":"Kompeten\u010dn\u00e9 centrum kybernetickej bezpe\u010dnosti UNIZA","article_modified_time":"2026-03-29T16:34:00+00:00","twitter_card":"summary_large_image","twitter_misc":{"Predpokladan\u00fd \u010das \u010d\u00edtania":"6 min\u00fat"},"schema":{"@context":"https:\/\/schema.org","@graph":[{"@type":"WebPage","@id":"https:\/\/kc.uniza.sk\/?page_id=1565","url":"https:\/\/kc.uniza.sk\/?page_id=1565","name":"V\u00fdskumn\u00e1 \u010dinnos\u0165 - Kompeten\u010dn\u00e9 centrum kybernetickej bezpe\u010dnosti UNIZA","isPartOf":{"@id":"https:\/\/kc.uniza.sk\/#website"},"datePublished":"2026-03-26T10:05:59+00:00","dateModified":"2026-03-29T16:34:00+00:00","breadcrumb":{"@id":"https:\/\/kc.uniza.sk\/?page_id=1565#breadcrumb"},"inLanguage":"sk-SK","potentialAction":[{"@type":"ReadAction","target":["https:\/\/kc.uniza.sk\/?page_id=1565"]}]},{"@type":"BreadcrumbList","@id":"https:\/\/kc.uniza.sk\/?page_id=1565#breadcrumb","itemListElement":[{"@type":"ListItem","position":1,"name":"Domovsk\u00e1 str\u00e1nka","item":"https:\/\/kc.uniza.sk\/"},{"@type":"ListItem","position":2,"name":"V\u00fdskumn\u00e1 \u010dinnos\u0165"}]},{"@type":"WebSite","@id":"https:\/\/kc.uniza.sk\/#website","url":"https:\/\/kc.uniza.sk\/","name":"Kompeten\u010dn\u00e9 centrum kybernetickej bezpe\u010dnosti UNIZA","description":"","publisher":{"@id":"https:\/\/kc.uniza.sk\/#organization"},"potentialAction":[{"@type":"SearchAction","target":{"@type":"EntryPoint","urlTemplate":"https:\/\/kc.uniza.sk\/?s={search_term_string}"},"query-input":{"@type":"PropertyValueSpecification","valueRequired":true,"valueName":"search_term_string"}}],"inLanguage":"sk-SK"},{"@type":"Organization","@id":"https:\/\/kc.uniza.sk\/#organization","name":"Kompeten\u010dn\u00e9 centrum kybernetickej bezpe\u010dnosti UNIZA","url":"https:\/\/kc.uniza.sk\/","logo":{"@type":"ImageObject","inLanguage":"sk-SK","@id":"https:\/\/kc.uniza.sk\/#\/schema\/logo\/image\/","url":"https:\/\/kc.uniza.sk\/wp-content\/uploads\/2025\/03\/cropped-2-1-e1741152780415.png","contentUrl":"https:\/\/kc.uniza.sk\/wp-content\/uploads\/2025\/03\/cropped-2-1-e1741152780415.png","width":402,"height":97,"caption":"Kompeten\u010dn\u00e9 centrum kybernetickej bezpe\u010dnosti UNIZA"},"image":{"@id":"https:\/\/kc.uniza.sk\/#\/schema\/logo\/image\/"}}]}},"_links":{"self":[{"href":"https:\/\/kc.uniza.sk\/index.php?rest_route=\/wp\/v2\/pages\/1565","targetHints":{"allow":["GET"]}}],"collection":[{"href":"https:\/\/kc.uniza.sk\/index.php?rest_route=\/wp\/v2\/pages"}],"about":[{"href":"https:\/\/kc.uniza.sk\/index.php?rest_route=\/wp\/v2\/types\/page"}],"author":[{"embeddable":true,"href":"https:\/\/kc.uniza.sk\/index.php?rest_route=\/wp\/v2\/users\/1"}],"replies":[{"embeddable":true,"href":"https:\/\/kc.uniza.sk\/index.php?rest_route=%2Fwp%2Fv2%2Fcomments&post=1565"}],"version-history":[{"count":22,"href":"https:\/\/kc.uniza.sk\/index.php?rest_route=\/wp\/v2\/pages\/1565\/revisions"}],"predecessor-version":[{"id":2141,"href":"https:\/\/kc.uniza.sk\/index.php?rest_route=\/wp\/v2\/pages\/1565\/revisions\/2141"}],"wp:attachment":[{"href":"https:\/\/kc.uniza.sk\/index.php?rest_route=%2Fwp%2Fv2%2Fmedia&parent=1565"}],"curies":[{"name":"wp","href":"https:\/\/api.w.org\/{rel}","templated":true}]}}