{"id":1571,"date":"2026-03-26T09:50:59","date_gmt":"2026-03-26T09:50:59","guid":{"rendered":"https:\/\/kc.uniza.sk\/?page_id=1571"},"modified":"2026-03-29T19:33:20","modified_gmt":"2026-03-29T19:33:20","slug":"zvysovanie-odbornosti-personalnych-kapacit-a-certifikacia-lektorov","status":"publish","type":"page","link":"https:\/\/kc.uniza.sk\/?page_id=1571","title":{"rendered":"Zvy\u0161ovanie odbornosti person\u00e1lnych kapac\u00edt a certifik\u00e1cia lektorov"},"content":{"rendered":"\t\t<div data-elementor-type=\"wp-page\" data-elementor-id=\"1571\" class=\"elementor elementor-1571\">\n\t\t\t\t\t\t<section class=\"elementor-section elementor-top-section elementor-element elementor-element-a9da772 elementor-section-boxed elementor-section-height-default elementor-section-height-default sc_fly_static\" data-id=\"a9da772\" data-element_type=\"section\">\n\t\t\t\t\t\t<div class=\"elementor-container elementor-column-gap-extended\">\n\t\t\t\t\t<div class=\"elementor-column elementor-col-100 elementor-top-column elementor-element elementor-element-1b55759 sc_content_align_inherit sc_layouts_column_icons_position_left sc_fly_static\" data-id=\"1b55759\" data-element_type=\"column\">\n\t\t\t<div class=\"elementor-widget-wrap elementor-element-populated\">\n\t\t\t\t\t\t<div class=\"elementor-element elementor-element-8bcb77c sc_height_small sc_fly_static elementor-widget elementor-widget-spacer\" data-id=\"8bcb77c\" data-element_type=\"widget\" data-widget_type=\"spacer.default\">\n\t\t\t\t<div class=\"elementor-widget-container\">\n\t\t\t\t\t\t\t<div class=\"elementor-spacer\">\n\t\t\t<div class=\"elementor-spacer-inner\"><\/div>\n\t\t<\/div>\n\t\t\t\t\t\t<\/div>\n\t\t\t\t<\/div>\n\t\t\t\t\t<\/div>\n\t\t<\/div>\n\t\t\t\t\t<\/div>\n\t\t<\/section>\n\t\t\t\t<section class=\"elementor-section elementor-top-section elementor-element elementor-element-6386df51 elementor-section-content-middle elementor-section-boxed elementor-section-height-default elementor-section-height-default sc_fly_static\" data-id=\"6386df51\" data-element_type=\"section\">\n\t\t\t\t\t\t<div class=\"elementor-container elementor-column-gap-extended\">\n\t\t\t\t\t<div class=\"elementor-column elementor-col-100 elementor-top-column elementor-element elementor-element-12d5d9cf sc_content_align_inherit sc_layouts_column_icons_position_left sc_fly_static\" data-id=\"12d5d9cf\" data-element_type=\"column\">\n\t\t\t<div class=\"elementor-widget-wrap elementor-element-populated\">\n\t\t\t\t\t\t<div class=\"elementor-element elementor-element-373750c5 sc_fly_static elementor-widget elementor-widget-trx_sc_title\" data-id=\"373750c5\" data-element_type=\"widget\" data-widget_type=\"trx_sc_title.default\">\n\t\t\t\t<div class=\"elementor-widget-container\">\n\t\t\t\t\t<div\t\tclass=\"sc_title sc_title_default\" ><h2 class=\"sc_item_title sc_title_title sc_item_title_style_default sc_item_title_tag\"\n\t\t\t><span class=\"sc_item_title_text\">Zvy\u0161ovanie odbornosti person\u00e1lnych kapac\u00edt a certifik\u00e1cia lektorov <\/span><\/h2><\/div>\t\t\t\t<\/div>\n\t\t\t\t<\/div>\n\t\t\t\t<div class=\"elementor-element elementor-element-65e2946 sc_height_small sc_fly_static elementor-widget elementor-widget-spacer\" data-id=\"65e2946\" data-element_type=\"widget\" data-widget_type=\"spacer.default\">\n\t\t\t\t<div class=\"elementor-widget-container\">\n\t\t\t\t\t\t\t<div class=\"elementor-spacer\">\n\t\t\t<div class=\"elementor-spacer-inner\"><\/div>\n\t\t<\/div>\n\t\t\t\t\t\t<\/div>\n\t\t\t\t<\/div>\n\t\t\t\t<div class=\"elementor-element elementor-element-10be80b sc_fly_static elementor-widget elementor-widget-text-editor\" data-id=\"10be80b\" data-element_type=\"widget\" data-widget_type=\"text-editor.default\">\n\t\t\t\t<div class=\"elementor-widget-container\">\n\t\t\t\t\t\t\t\t\t<p>Po\u010das rie\u0161enia projektu KC KYB UNIZA zabezpe\u010dilo zvy\u0161ovanie lektorsk\u00fdch a odborn\u00fdch vedomost\u00ed, zru\u010dnost\u00ed a kompetenci\u00ed svojich person\u00e1lnych kapac\u00edt a to formou absolvovania \u0161kolen\u00ed, semin\u00e1rov, sk\u00fa\u0161ok, na z\u00e1klade ktor\u00fdch z\u00edskali absolventi (lektori KC KYB UNIZA) osved\u010denie alebo certifik\u00e1t.<\/p><p>Po\u010das rie\u0161enia projektu sa lektori KC KYB UNIZA z\u00fa\u010dastnili na t\u00fdchto odborn\u00fdch semin\u00e1roch, konferenci\u00e1ch, \u0161koleniach:<\/p><ol><li>Certifik\u00e1cia ECDL Module 12 &#8211; Kybernetick\u00e1 bezpe\u010dnos\u0165, 12\/2025<\/li><li>Kurz \u201eIntroduction to CyberSecurity\u201c, 12\/2025, 09\/2025<\/li><li>Kurz \u201eMana\u017e\u00e9r projektov KB\u201c, 12\/2025<\/li><li>Kurz \u201eArchitekt projektov KB\u201c, 12\/2025<\/li><li>Certifikovan\u00e1 sk\u00fa\u0161ka Mana\u017e\u00e9r kybernetickej bezpe\u010dnosti, TUV, 11.12.2025<\/li><li>\u0160kolenie MTCSE, Martin Krug \u2013 Bud\u00facnos\u0165, 8.12 &#8211; 12.12.2025<\/li><li>Online kurz \u201eIntroduction to Network Simulations with Cisco Modeling Labs (CMLLAB)\u201c, 11\/2025<\/li><li>Online kurz &#8222;TOGAF Enterprise Architecture Foundation&#8220;, 20.-21. november 2025<\/li><li>\u0160kolenie \u201eKurz a Workshop Riadenie dod\u00e1vate\u013eov a tret\u00edch str\u00e1n &#8211; 12. november 2025\u201c, 11\/2025<\/li><li>Online kurz na platforme Cisco U: \u201cEnhancing Cisco Security Solutions with Data Analytics\u201d, 10\/2025<\/li><li>Online kurz na platforme Cisco U: Troubleshooting Cisco Enterprise Networking Solutions (ENTSHRU v1.0), 10\/2025<\/li><li>\u0160kolenie \u201eRiadenie kontinuity \u010dinnost\u00ed v kybernetickej bezpe\u010dnosti &#8211; 21.-22. okt\u00f3ber 2025\u201c, 10\/2025<\/li><li>\u0160kolenie FORE40009: Digital Crime Scene Examiner, 31.10.2025<\/li><li>Odborn\u00e1 konferencia Kybernetick\u00e1 bezpe\u010dnos\u0165 2025, 29.9.-30.09.2025, Dem\u00e4novsk\u00e1 dolina<\/li><li>Kurz Krucek ISO\/IEC 22317 Foundation Anal\u00fdza dopadov na \u010dinnos\u0165 organiz\u00e1cie, 23.9 \u2013 24.9.2025<\/li><li>Online kurz Identity and Access Management (IAM), Coursera<\/li><li>Konferencia KYBER2025, Chopok, 06\/2025<\/li><li>Kurz PECB ISO\/IEC 27005:2022 Lead Risk Manager Training course, od 16.6.2025 do 20.6.2025<\/li><li>Kurz Riadenie riz\u00edk v kybernetickej bezpe\u010dnosti, od 10.6.2025 do 11.6.2025<\/li><li>Online kurz PECB ISO\/IEC 27001 Lead Auditor, od 26.5.2025 do 30.5.2025<\/li><li>Semin\u00e1r Certifik\u00e1cia kybernetickej bezpe\u010dnosti pre IKT produkty, 24.4.2025<\/li><li>Online odborn\u00e1 konferencia Sectec Security Days 2025, 04\/2025<\/li><li>Online odborn\u00e1 konferencia Efocus 2025 &#8211; Bezpe\u010dnostn\u00e1 architekt\u00fara a riadenie zmien &#8211; od prevencie k reakcii\u2026, 04\/2025<\/li><li>Git a GitHub II. Mierne pokro\u010dil\u00fd, HPC National Competence Centre, 03\/2025<\/li><li>Z\u00e1kladn\u00e9 princ\u00edpy kybernetickej bezpe\u010dnosti, KCCKB, 03\/2025<\/li><li>Online kurz CCNA: Enterprise Networking, Security, and Automation, od 10.3.2025 do 9.4.2025<\/li><li>Online kurz Fortinet FCP \u2013 Certified Professional in Cybersecurity, 03\/2025, 02\/2025<\/li><li>Online kurz Fortinet FCA \u2013 Fortinet Certified Associate in Cybersecurity, 02\/2025<\/li><li>Online kurz Fortinet &#8211; Certified Fundamentals in Cybersecurity, 01\/2025<\/li><li>Online kurz Fortinet FCF &#8211; Technical Introduction to Cybersecurity, 01\/2025<\/li><li>Online kurz Fortinet &#8211; Introduction to threat Lanscape, 01\/2025<\/li><li>Online kurz Fortinet &#8211; Getting started in Cybersecurity 2.0, 01\/2025<\/li><li>Semin\u00e1r Roadshow NIS2, 31.10. 2024, Bratislava<\/li><li>\u0160pecializovan\u00e1 konferencia na ofenz\u00edvnu bezpe\u010dnos\u0165, 20. novembra 2024, Bratislava<\/li><li>Odborn\u00e1 konferencia Kybernetick\u00e1 bezpe\u010dnos\u0165 2024, 30.9.-1.10.2024, Dem\u00e4novsk\u00e1 dolina<\/li><\/ol>\t\t\t\t\t\t\t\t<\/div>\n\t\t\t\t<\/div>\n\t\t\t\t<div class=\"elementor-element elementor-element-f6059c4 sc_height_small sc_fly_static elementor-widget elementor-widget-spacer\" data-id=\"f6059c4\" data-element_type=\"widget\" data-widget_type=\"spacer.default\">\n\t\t\t\t<div class=\"elementor-widget-container\">\n\t\t\t\t\t\t\t<div class=\"elementor-spacer\">\n\t\t\t<div class=\"elementor-spacer-inner\"><\/div>\n\t\t<\/div>\n\t\t\t\t\t\t<\/div>\n\t\t\t\t<\/div>\n\t\t\t\t\t<\/div>\n\t\t<\/div>\n\t\t\t\t\t<\/div>\n\t\t<\/section>\n\t\t<div class=\"elementor-element elementor-element-3a833cb e-flex e-con-boxed sc_layouts_column_icons_position_left e-con e-parent\" data-id=\"3a833cb\" data-element_type=\"container\">\n\t\t\t\t\t<div class=\"e-con-inner\">\n\t\t<div class=\"elementor-element elementor-element-e7a519f e-con-full e-flex sc_layouts_column_icons_position_left e-con e-child\" data-id=\"e7a519f\" data-element_type=\"container\">\n\t\t\t\t<div class=\"elementor-element elementor-element-dd01f29 sc_fly_static elementor-widget elementor-widget-image\" data-id=\"dd01f29\" data-element_type=\"widget\" data-widget_type=\"image.default\">\n\t\t\t\t<div class=\"elementor-widget-container\">\n\t\t\t\t\t\t\t\t\t\t\t\t\t\t\t<img fetchpriority=\"high\" decoding=\"async\" width=\"577\" height=\"1024\" src=\"https:\/\/kc.uniza.sk\/wp-content\/uploads\/2025\/08\/1755540275727-577x1024.jpg\" class=\"attachment-large size-large wp-image-1117\" alt=\"\" srcset=\"https:\/\/kc.uniza.sk\/wp-content\/uploads\/2025\/08\/1755540275727-577x1024.jpg 577w, https:\/\/kc.uniza.sk\/wp-content\/uploads\/2025\/08\/1755540275727-169x300.jpg 169w, https:\/\/kc.uniza.sk\/wp-content\/uploads\/2025\/08\/1755540275727-768x1363.jpg 768w, https:\/\/kc.uniza.sk\/wp-content\/uploads\/2025\/08\/1755540275727-865x1536.jpg 865w, https:\/\/kc.uniza.sk\/wp-content\/uploads\/2025\/08\/1755540275727-370x657.jpg 370w, https:\/\/kc.uniza.sk\/wp-content\/uploads\/2025\/08\/1755540275727-840x1491.jpg 840w, https:\/\/kc.uniza.sk\/wp-content\/uploads\/2025\/08\/1755540275727-410x728.jpg 410w, https:\/\/kc.uniza.sk\/wp-content\/uploads\/2025\/08\/1755540275727-600x1065.jpg 600w, https:\/\/kc.uniza.sk\/wp-content\/uploads\/2025\/08\/1755540275727.jpg 1081w\" sizes=\"(max-width: 600px) 100vw, 577px\" \/>\t\t\t\t\t\t\t\t\t\t\t\t\t\t\t<\/div>\n\t\t\t\t<\/div>\n\t\t\t\t<div class=\"elementor-element elementor-element-17b7800 sc_fly_static elementor-widget elementor-widget-spacer\" data-id=\"17b7800\" data-element_type=\"widget\" data-widget_type=\"spacer.default\">\n\t\t\t\t<div class=\"elementor-widget-container\">\n\t\t\t\t\t\t\t<div class=\"elementor-spacer\">\n\t\t\t<div class=\"elementor-spacer-inner\"><\/div>\n\t\t<\/div>\n\t\t\t\t\t\t<\/div>\n\t\t\t\t<\/div>\n\t\t\t\t<\/div>\n\t\t<div class=\"elementor-element elementor-element-a1330e3 e-con-full e-flex sc_layouts_column_icons_position_left e-con e-child\" data-id=\"a1330e3\" data-element_type=\"container\">\n\t\t<div class=\"elementor-element elementor-element-ddff092 e-con-full e-flex sc_layouts_column_icons_position_left e-con e-child\" data-id=\"ddff092\" data-element_type=\"container\">\n\t\t\t\t<div class=\"elementor-element elementor-element-ec44804 sc_fly_static elementor-widget elementor-widget-image\" data-id=\"ec44804\" data-element_type=\"widget\" data-widget_type=\"image.default\">\n\t\t\t\t<div class=\"elementor-widget-container\">\n\t\t\t\t\t\t\t\t\t\t\t\t\t\t\t<img decoding=\"async\" width=\"1024\" height=\"768\" src=\"https:\/\/kc.uniza.sk\/wp-content\/uploads\/2025\/06\/20250611_114014-1024x768.jpg\" class=\"attachment-large size-large wp-image-1045\" alt=\"\" srcset=\"https:\/\/kc.uniza.sk\/wp-content\/uploads\/2025\/06\/20250611_114014-1024x768.jpg 1024w, https:\/\/kc.uniza.sk\/wp-content\/uploads\/2025\/06\/20250611_114014-300x225.jpg 300w, https:\/\/kc.uniza.sk\/wp-content\/uploads\/2025\/06\/20250611_114014-768x576.jpg 768w, https:\/\/kc.uniza.sk\/wp-content\/uploads\/2025\/06\/20250611_114014-1536x1152.jpg 1536w, https:\/\/kc.uniza.sk\/wp-content\/uploads\/2025\/06\/20250611_114014-2048x1536.jpg 2048w, https:\/\/kc.uniza.sk\/wp-content\/uploads\/2025\/06\/20250611_114014-370x278.jpg 370w, https:\/\/kc.uniza.sk\/wp-content\/uploads\/2025\/06\/20250611_114014-840x630.jpg 840w, https:\/\/kc.uniza.sk\/wp-content\/uploads\/2025\/06\/20250611_114014-410x308.jpg 410w, https:\/\/kc.uniza.sk\/wp-content\/uploads\/2025\/06\/20250611_114014-600x450.jpg 600w\" sizes=\"(max-width: 1024px) 100vw, 1024px\" \/>\t\t\t\t\t\t\t\t\t\t\t\t\t\t\t<\/div>\n\t\t\t\t<\/div>\n\t\t\t\t<div class=\"elementor-element elementor-element-59ad46f sc_fly_static elementor-widget elementor-widget-image\" data-id=\"59ad46f\" data-element_type=\"widget\" data-widget_type=\"image.default\">\n\t\t\t\t<div class=\"elementor-widget-container\">\n\t\t\t\t\t\t\t\t\t\t\t\t\t\t\t<img decoding=\"async\" width=\"1024\" height=\"1024\" src=\"https:\/\/kc.uniza.sk\/wp-content\/uploads\/2026\/03\/Roadshow-NIS2-2024-1024x1024.jpg\" class=\"attachment-large size-large wp-image-2162\" alt=\"\" srcset=\"https:\/\/kc.uniza.sk\/wp-content\/uploads\/2026\/03\/Roadshow-NIS2-2024-1024x1024.jpg 1024w, https:\/\/kc.uniza.sk\/wp-content\/uploads\/2026\/03\/Roadshow-NIS2-2024-300x300.jpg 300w, https:\/\/kc.uniza.sk\/wp-content\/uploads\/2026\/03\/Roadshow-NIS2-2024-150x150.jpg 150w, https:\/\/kc.uniza.sk\/wp-content\/uploads\/2026\/03\/Roadshow-NIS2-2024-768x768.jpg 768w, https:\/\/kc.uniza.sk\/wp-content\/uploads\/2026\/03\/Roadshow-NIS2-2024-1536x1536.jpg 1536w, https:\/\/kc.uniza.sk\/wp-content\/uploads\/2026\/03\/Roadshow-NIS2-2024-370x370.jpg 370w, https:\/\/kc.uniza.sk\/wp-content\/uploads\/2026\/03\/Roadshow-NIS2-2024-120x120.jpg 120w, https:\/\/kc.uniza.sk\/wp-content\/uploads\/2026\/03\/Roadshow-NIS2-2024-840x840.jpg 840w, https:\/\/kc.uniza.sk\/wp-content\/uploads\/2026\/03\/Roadshow-NIS2-2024-410x410.jpg 410w, https:\/\/kc.uniza.sk\/wp-content\/uploads\/2026\/03\/Roadshow-NIS2-2024-600x600.jpg 600w, https:\/\/kc.uniza.sk\/wp-content\/uploads\/2026\/03\/Roadshow-NIS2-2024.jpg 2048w\" sizes=\"(max-width: 1024px) 100vw, 1024px\" \/>\t\t\t\t\t\t\t\t\t\t\t\t\t\t\t<\/div>\n\t\t\t\t<\/div>\n\t\t\t\t<\/div>\n\t\t\t\t<\/div>\n\t\t\t\t\t<\/div>\n\t\t\t\t<\/div>\n\t\t\t\t<\/div>\n\t\t","protected":false},"excerpt":{"rendered":"<p>Zvy\u0161ovanie odbornosti person\u00e1lnych kapac\u00edt a certifik\u00e1cia lektorov Po\u010das rie\u0161enia projektu KC KYB UNIZA zabezpe\u010dilo zvy\u0161ovanie lektorsk\u00fdch a odborn\u00fdch vedomost\u00ed, zru\u010dnost\u00ed a kompetenci\u00ed svojich person\u00e1lnych kapac\u00edt a to formou absolvovania \u0161kolen\u00ed,&hellip;<\/p>\n","protected":false},"author":1,"featured_media":0,"parent":0,"menu_order":0,"comment_status":"closed","ping_status":"closed","template":"","meta":{"footnotes":""},"class_list":["post-1571","page","type-page","status-publish","hentry"],"yoast_head":"<!-- This site is optimized with the Yoast SEO plugin v25.1 - https:\/\/yoast.com\/wordpress\/plugins\/seo\/ -->\n<title>Zvy\u0161ovanie odbornosti person\u00e1lnych kapac\u00edt a certifik\u00e1cia lektorov - Kompeten\u010dn\u00e9 centrum kybernetickej bezpe\u010dnosti UNIZA<\/title>\n<meta name=\"robots\" content=\"index, follow, max-snippet:-1, max-image-preview:large, max-video-preview:-1\" \/>\n<link rel=\"canonical\" href=\"https:\/\/kc.uniza.sk\/?page_id=1571\" \/>\n<meta property=\"og:locale\" content=\"sk_SK\" \/>\n<meta property=\"og:type\" content=\"article\" \/>\n<meta property=\"og:title\" content=\"Zvy\u0161ovanie odbornosti person\u00e1lnych kapac\u00edt a certifik\u00e1cia lektorov - Kompeten\u010dn\u00e9 centrum kybernetickej bezpe\u010dnosti UNIZA\" \/>\n<meta property=\"og:description\" content=\"Zvy\u0161ovanie odbornosti person\u00e1lnych kapac\u00edt a certifik\u00e1cia lektorov Po\u010das rie\u0161enia projektu KC KYB UNIZA zabezpe\u010dilo zvy\u0161ovanie lektorsk\u00fdch a odborn\u00fdch vedomost\u00ed, zru\u010dnost\u00ed a kompetenci\u00ed svojich person\u00e1lnych kapac\u00edt a to formou absolvovania \u0161kolen\u00ed,&hellip;\" \/>\n<meta property=\"og:url\" content=\"https:\/\/kc.uniza.sk\/?page_id=1571\" \/>\n<meta property=\"og:site_name\" content=\"Kompeten\u010dn\u00e9 centrum kybernetickej bezpe\u010dnosti UNIZA\" \/>\n<meta property=\"article:modified_time\" content=\"2026-03-29T19:33:20+00:00\" \/>\n<meta property=\"og:image\" content=\"https:\/\/kc.uniza.sk\/wp-content\/uploads\/2025\/08\/1755540275727.jpg\" \/>\n\t<meta property=\"og:image:width\" content=\"1081\" \/>\n\t<meta property=\"og:image:height\" content=\"1919\" \/>\n\t<meta property=\"og:image:type\" content=\"image\/jpeg\" \/>\n<meta name=\"twitter:card\" content=\"summary_large_image\" \/>\n<meta name=\"twitter:label1\" content=\"Predpokladan\u00fd \u010das \u010d\u00edtania\" \/>\n\t<meta name=\"twitter:data1\" content=\"3 min\u00faty\" \/>\n<script type=\"application\/ld+json\" class=\"yoast-schema-graph\">{\"@context\":\"https:\/\/schema.org\",\"@graph\":[{\"@type\":\"WebPage\",\"@id\":\"https:\/\/kc.uniza.sk\/?page_id=1571\",\"url\":\"https:\/\/kc.uniza.sk\/?page_id=1571\",\"name\":\"Zvy\u0161ovanie odbornosti person\u00e1lnych kapac\u00edt a certifik\u00e1cia lektorov - Kompeten\u010dn\u00e9 centrum kybernetickej bezpe\u010dnosti UNIZA\",\"isPartOf\":{\"@id\":\"https:\/\/kc.uniza.sk\/#website\"},\"primaryImageOfPage\":{\"@id\":\"https:\/\/kc.uniza.sk\/?page_id=1571#primaryimage\"},\"image\":{\"@id\":\"https:\/\/kc.uniza.sk\/?page_id=1571#primaryimage\"},\"thumbnailUrl\":\"http:\/\/kc.uniza.sk\/wp-content\/uploads\/2025\/08\/1755540275727-577x1024.jpg\",\"datePublished\":\"2026-03-26T09:50:59+00:00\",\"dateModified\":\"2026-03-29T19:33:20+00:00\",\"breadcrumb\":{\"@id\":\"https:\/\/kc.uniza.sk\/?page_id=1571#breadcrumb\"},\"inLanguage\":\"sk-SK\",\"potentialAction\":[{\"@type\":\"ReadAction\",\"target\":[\"https:\/\/kc.uniza.sk\/?page_id=1571\"]}]},{\"@type\":\"ImageObject\",\"inLanguage\":\"sk-SK\",\"@id\":\"https:\/\/kc.uniza.sk\/?page_id=1571#primaryimage\",\"url\":\"https:\/\/kc.uniza.sk\/wp-content\/uploads\/2025\/08\/1755540275727.jpg\",\"contentUrl\":\"https:\/\/kc.uniza.sk\/wp-content\/uploads\/2025\/08\/1755540275727.jpg\",\"width\":1081,\"height\":1919},{\"@type\":\"BreadcrumbList\",\"@id\":\"https:\/\/kc.uniza.sk\/?page_id=1571#breadcrumb\",\"itemListElement\":[{\"@type\":\"ListItem\",\"position\":1,\"name\":\"Domovsk\u00e1 str\u00e1nka\",\"item\":\"https:\/\/kc.uniza.sk\/\"},{\"@type\":\"ListItem\",\"position\":2,\"name\":\"Zvy\u0161ovanie odbornosti person\u00e1lnych kapac\u00edt a certifik\u00e1cia lektorov\"}]},{\"@type\":\"WebSite\",\"@id\":\"https:\/\/kc.uniza.sk\/#website\",\"url\":\"https:\/\/kc.uniza.sk\/\",\"name\":\"Kompeten\u010dn\u00e9 centrum kybernetickej bezpe\u010dnosti UNIZA\",\"description\":\"\",\"publisher\":{\"@id\":\"https:\/\/kc.uniza.sk\/#organization\"},\"potentialAction\":[{\"@type\":\"SearchAction\",\"target\":{\"@type\":\"EntryPoint\",\"urlTemplate\":\"https:\/\/kc.uniza.sk\/?s={search_term_string}\"},\"query-input\":{\"@type\":\"PropertyValueSpecification\",\"valueRequired\":true,\"valueName\":\"search_term_string\"}}],\"inLanguage\":\"sk-SK\"},{\"@type\":\"Organization\",\"@id\":\"https:\/\/kc.uniza.sk\/#organization\",\"name\":\"Kompeten\u010dn\u00e9 centrum kybernetickej bezpe\u010dnosti UNIZA\",\"url\":\"https:\/\/kc.uniza.sk\/\",\"logo\":{\"@type\":\"ImageObject\",\"inLanguage\":\"sk-SK\",\"@id\":\"https:\/\/kc.uniza.sk\/#\/schema\/logo\/image\/\",\"url\":\"https:\/\/kc.uniza.sk\/wp-content\/uploads\/2025\/03\/cropped-2-1-e1741152780415.png\",\"contentUrl\":\"https:\/\/kc.uniza.sk\/wp-content\/uploads\/2025\/03\/cropped-2-1-e1741152780415.png\",\"width\":402,\"height\":97,\"caption\":\"Kompeten\u010dn\u00e9 centrum kybernetickej bezpe\u010dnosti UNIZA\"},\"image\":{\"@id\":\"https:\/\/kc.uniza.sk\/#\/schema\/logo\/image\/\"}}]}<\/script>\n<!-- \/ Yoast SEO plugin. -->","yoast_head_json":{"title":"Zvy\u0161ovanie odbornosti person\u00e1lnych kapac\u00edt a certifik\u00e1cia lektorov - Kompeten\u010dn\u00e9 centrum kybernetickej bezpe\u010dnosti UNIZA","robots":{"index":"index","follow":"follow","max-snippet":"max-snippet:-1","max-image-preview":"max-image-preview:large","max-video-preview":"max-video-preview:-1"},"canonical":"https:\/\/kc.uniza.sk\/?page_id=1571","og_locale":"sk_SK","og_type":"article","og_title":"Zvy\u0161ovanie odbornosti person\u00e1lnych kapac\u00edt a certifik\u00e1cia lektorov - Kompeten\u010dn\u00e9 centrum kybernetickej bezpe\u010dnosti UNIZA","og_description":"Zvy\u0161ovanie odbornosti person\u00e1lnych kapac\u00edt a certifik\u00e1cia lektorov Po\u010das rie\u0161enia projektu KC KYB UNIZA zabezpe\u010dilo zvy\u0161ovanie lektorsk\u00fdch a odborn\u00fdch vedomost\u00ed, zru\u010dnost\u00ed a kompetenci\u00ed svojich person\u00e1lnych kapac\u00edt a to formou absolvovania \u0161kolen\u00ed,&hellip;","og_url":"https:\/\/kc.uniza.sk\/?page_id=1571","og_site_name":"Kompeten\u010dn\u00e9 centrum kybernetickej bezpe\u010dnosti UNIZA","article_modified_time":"2026-03-29T19:33:20+00:00","og_image":[{"width":1081,"height":1919,"url":"https:\/\/kc.uniza.sk\/wp-content\/uploads\/2025\/08\/1755540275727.jpg","type":"image\/jpeg"}],"twitter_card":"summary_large_image","twitter_misc":{"Predpokladan\u00fd \u010das \u010d\u00edtania":"3 min\u00faty"},"schema":{"@context":"https:\/\/schema.org","@graph":[{"@type":"WebPage","@id":"https:\/\/kc.uniza.sk\/?page_id=1571","url":"https:\/\/kc.uniza.sk\/?page_id=1571","name":"Zvy\u0161ovanie odbornosti person\u00e1lnych kapac\u00edt a certifik\u00e1cia lektorov - Kompeten\u010dn\u00e9 centrum kybernetickej bezpe\u010dnosti UNIZA","isPartOf":{"@id":"https:\/\/kc.uniza.sk\/#website"},"primaryImageOfPage":{"@id":"https:\/\/kc.uniza.sk\/?page_id=1571#primaryimage"},"image":{"@id":"https:\/\/kc.uniza.sk\/?page_id=1571#primaryimage"},"thumbnailUrl":"http:\/\/kc.uniza.sk\/wp-content\/uploads\/2025\/08\/1755540275727-577x1024.jpg","datePublished":"2026-03-26T09:50:59+00:00","dateModified":"2026-03-29T19:33:20+00:00","breadcrumb":{"@id":"https:\/\/kc.uniza.sk\/?page_id=1571#breadcrumb"},"inLanguage":"sk-SK","potentialAction":[{"@type":"ReadAction","target":["https:\/\/kc.uniza.sk\/?page_id=1571"]}]},{"@type":"ImageObject","inLanguage":"sk-SK","@id":"https:\/\/kc.uniza.sk\/?page_id=1571#primaryimage","url":"https:\/\/kc.uniza.sk\/wp-content\/uploads\/2025\/08\/1755540275727.jpg","contentUrl":"https:\/\/kc.uniza.sk\/wp-content\/uploads\/2025\/08\/1755540275727.jpg","width":1081,"height":1919},{"@type":"BreadcrumbList","@id":"https:\/\/kc.uniza.sk\/?page_id=1571#breadcrumb","itemListElement":[{"@type":"ListItem","position":1,"name":"Domovsk\u00e1 str\u00e1nka","item":"https:\/\/kc.uniza.sk\/"},{"@type":"ListItem","position":2,"name":"Zvy\u0161ovanie odbornosti person\u00e1lnych kapac\u00edt a certifik\u00e1cia lektorov"}]},{"@type":"WebSite","@id":"https:\/\/kc.uniza.sk\/#website","url":"https:\/\/kc.uniza.sk\/","name":"Kompeten\u010dn\u00e9 centrum kybernetickej bezpe\u010dnosti UNIZA","description":"","publisher":{"@id":"https:\/\/kc.uniza.sk\/#organization"},"potentialAction":[{"@type":"SearchAction","target":{"@type":"EntryPoint","urlTemplate":"https:\/\/kc.uniza.sk\/?s={search_term_string}"},"query-input":{"@type":"PropertyValueSpecification","valueRequired":true,"valueName":"search_term_string"}}],"inLanguage":"sk-SK"},{"@type":"Organization","@id":"https:\/\/kc.uniza.sk\/#organization","name":"Kompeten\u010dn\u00e9 centrum kybernetickej bezpe\u010dnosti UNIZA","url":"https:\/\/kc.uniza.sk\/","logo":{"@type":"ImageObject","inLanguage":"sk-SK","@id":"https:\/\/kc.uniza.sk\/#\/schema\/logo\/image\/","url":"https:\/\/kc.uniza.sk\/wp-content\/uploads\/2025\/03\/cropped-2-1-e1741152780415.png","contentUrl":"https:\/\/kc.uniza.sk\/wp-content\/uploads\/2025\/03\/cropped-2-1-e1741152780415.png","width":402,"height":97,"caption":"Kompeten\u010dn\u00e9 centrum kybernetickej bezpe\u010dnosti UNIZA"},"image":{"@id":"https:\/\/kc.uniza.sk\/#\/schema\/logo\/image\/"}}]}},"_links":{"self":[{"href":"https:\/\/kc.uniza.sk\/index.php?rest_route=\/wp\/v2\/pages\/1571","targetHints":{"allow":["GET"]}}],"collection":[{"href":"https:\/\/kc.uniza.sk\/index.php?rest_route=\/wp\/v2\/pages"}],"about":[{"href":"https:\/\/kc.uniza.sk\/index.php?rest_route=\/wp\/v2\/types\/page"}],"author":[{"embeddable":true,"href":"https:\/\/kc.uniza.sk\/index.php?rest_route=\/wp\/v2\/users\/1"}],"replies":[{"embeddable":true,"href":"https:\/\/kc.uniza.sk\/index.php?rest_route=%2Fwp%2Fv2%2Fcomments&post=1571"}],"version-history":[{"count":10,"href":"https:\/\/kc.uniza.sk\/index.php?rest_route=\/wp\/v2\/pages\/1571\/revisions"}],"predecessor-version":[{"id":2165,"href":"https:\/\/kc.uniza.sk\/index.php?rest_route=\/wp\/v2\/pages\/1571\/revisions\/2165"}],"wp:attachment":[{"href":"https:\/\/kc.uniza.sk\/index.php?rest_route=%2Fwp%2Fv2%2Fmedia&parent=1571"}],"curies":[{"name":"wp","href":"https:\/\/api.w.org\/{rel}","templated":true}]}}